{"id":4506,"date":"2022-09-21T13:49:07","date_gmt":"2022-09-21T13:49:07","guid":{"rendered":"https:\/\/skinpoint.r-s.space\/shop\/pp-bizon-carbon-fiber\/"},"modified":"2025-08-21T09:12:23","modified_gmt":"2025-08-21T09:12:23","slug":"pp-bizon-carbon-fiber","status":"publish","type":"product","link":"https:\/\/csgo-trade.net\/pt-pt\/catalog\/pp-bizon-carbon-fiber\/","title":{"rendered":"PP-Bizon | Carbon Fiber"},"content":{"rendered":"<p>O receptor \u00e9 adornado com um padr\u00e3o que imita a textura da fibra de carbono. A al\u00e7a e partes individuais do corpo s\u00e3o revestidas com tinta met\u00e1lica cinza escuro. O carregador, a coronha e v\u00e1rias pequenas partes da arma n\u00e3o s\u00e3o pintadas.<\/p>\n","protected":false},"excerpt":{"rendered":"<p>O receptor \u00e9 adornado com um padr\u00e3o que imita a textura da fibra de carbono. A al\u00e7a e partes individuais do corpo s\u00e3o revestidas com tinta met\u00e1lica cinza escuro. O carregador, a coronha e v\u00e1rias pequenas partes da arma n\u00e3o s\u00e3o pintadas.<\/p>\n","protected":false},"featured_media":3165,"comment_status":"open","ping_status":"closed","template":"","meta":[],"product_brand":[],"product_cat":[263,257],"product_tag":[269],"class_list":{"0":"post-4506","1":"product","2":"type-product","3":"status-publish","4":"has-post-thumbnail","6":"product_cat-pp-bizon-pt-pt","7":"product_cat-submetralhadoras","8":"product_tag-padrao-industrial","9":"pa_all-products-skins","11":"first","12":"instock","13":"shipping-taxable","14":"purchasable","15":"product-type-simple"},"_links":{"self":[{"href":"https:\/\/csgo-trade.net\/pt-pt\/wp-json\/wp\/v2\/product\/4506","targetHints":{"allow":["GET"]}}],"collection":[{"href":"https:\/\/csgo-trade.net\/pt-pt\/wp-json\/wp\/v2\/product"}],"about":[{"href":"https:\/\/csgo-trade.net\/pt-pt\/wp-json\/wp\/v2\/types\/product"}],"replies":[{"embeddable":true,"href":"https:\/\/csgo-trade.net\/pt-pt\/wp-json\/wp\/v2\/comments?post=4506"}],"wp:featuredmedia":[{"embeddable":true,"href":"https:\/\/csgo-trade.net\/pt-pt\/wp-json\/wp\/v2\/media\/3165"}],"wp:attachment":[{"href":"https:\/\/csgo-trade.net\/pt-pt\/wp-json\/wp\/v2\/media?parent=4506"}],"wp:term":[{"taxonomy":"product_brand","embeddable":true,"href":"https:\/\/csgo-trade.net\/pt-pt\/wp-json\/wp\/v2\/product_brand?post=4506"},{"taxonomy":"product_cat","embeddable":true,"href":"https:\/\/csgo-trade.net\/pt-pt\/wp-json\/wp\/v2\/product_cat?post=4506"},{"taxonomy":"product_tag","embeddable":true,"href":"https:\/\/csgo-trade.net\/pt-pt\/wp-json\/wp\/v2\/product_tag?post=4506"}],"curies":[{"name":"wp","href":"https:\/\/api.w.org\/{rel}","templated":true}]}}