{"id":4504,"date":"2022-09-21T13:49:07","date_gmt":"2022-09-21T13:49:07","guid":{"rendered":"https:\/\/skinpoint.r-s.space\/shop\/dual-berettas-demolition\/"},"modified":"2023-04-26T08:38:52","modified_gmt":"2023-04-26T08:38:52","slug":"dual-berettas-demolition","status":"publish","type":"product","link":"https:\/\/csgo-trade.net\/pt-pt\/catalog\/dual-berettas-demolition\/","title":{"rendered":"Dual Berettas | Demolition"},"content":{"rendered":"<p class=\"text-2xl sm:text-3xl font-bold\">As persianas e al\u00e7as das pistolas s\u00e3o pintadas de laranja s\u00f3lido. As demais partes da carroceria s\u00e3o revestidas com tinta cinza e preta.<\/p>\n","protected":false},"excerpt":{"rendered":"<p>As persianas e al\u00e7as das pistolas s\u00e3o pintadas de laranja s\u00f3lido. As demais partes da carroceria s\u00e3o revestidas com tinta cinza e preta.<\/p>\n","protected":false},"featured_media":3158,"comment_status":"open","ping_status":"closed","template":"","meta":[],"product_brand":[],"product_cat":[239,236],"product_tag":[270],"class_list":{"0":"post-4504","1":"product","2":"type-product","3":"status-publish","4":"has-post-thumbnail","6":"product_cat-dual-berettas-pt-pt","7":"product_cat-pistolas","8":"product_tag-restrito","9":"pa_all-products-skins","11":"first","12":"instock","13":"shipping-taxable","14":"purchasable","15":"product-type-simple"},"_links":{"self":[{"href":"https:\/\/csgo-trade.net\/pt-pt\/wp-json\/wp\/v2\/product\/4504","targetHints":{"allow":["GET"]}}],"collection":[{"href":"https:\/\/csgo-trade.net\/pt-pt\/wp-json\/wp\/v2\/product"}],"about":[{"href":"https:\/\/csgo-trade.net\/pt-pt\/wp-json\/wp\/v2\/types\/product"}],"replies":[{"embeddable":true,"href":"https:\/\/csgo-trade.net\/pt-pt\/wp-json\/wp\/v2\/comments?post=4504"}],"wp:featuredmedia":[{"embeddable":true,"href":"https:\/\/csgo-trade.net\/pt-pt\/wp-json\/wp\/v2\/media\/3158"}],"wp:attachment":[{"href":"https:\/\/csgo-trade.net\/pt-pt\/wp-json\/wp\/v2\/media?parent=4504"}],"wp:term":[{"taxonomy":"product_brand","embeddable":true,"href":"https:\/\/csgo-trade.net\/pt-pt\/wp-json\/wp\/v2\/product_brand?post=4504"},{"taxonomy":"product_cat","embeddable":true,"href":"https:\/\/csgo-trade.net\/pt-pt\/wp-json\/wp\/v2\/product_cat?post=4504"},{"taxonomy":"product_tag","embeddable":true,"href":"https:\/\/csgo-trade.net\/pt-pt\/wp-json\/wp\/v2\/product_tag?post=4504"}],"curies":[{"name":"wp","href":"https:\/\/api.w.org\/{rel}","templated":true}]}}