{"id":4503,"date":"2022-09-21T13:49:07","date_gmt":"2022-09-21T13:49:07","guid":{"rendered":"https:\/\/skinpoint.r-s.space\/shop\/ak-47-black-laminate\/"},"modified":"2025-08-21T09:12:27","modified_gmt":"2025-08-21T09:12:27","slug":"ak-47-black-laminate","status":"publish","type":"product","link":"https:\/\/csgo-trade.net\/pt-pt\/catalog\/ak-47-black-laminate\/","title":{"rendered":"AK-47 | Black Laminate"},"content":{"rendered":"<p class=\"text-2xl sm:text-3xl font-bold\">As partes met\u00e1licas do rifle n\u00e3o s\u00e3o pintadas. A coronha, o protetor de m\u00e3o e o cabo s\u00e3o feitos de v\u00e1rios tipos de madeira e pintados em v\u00e1rios tons de cinza.<\/p>\n","protected":false},"excerpt":{"rendered":"<p>As partes met\u00e1licas do rifle n\u00e3o s\u00e3o pintadas. A coronha, o protetor de m\u00e3o e o cabo s\u00e3o feitos de v\u00e1rios tipos de madeira e pintados em v\u00e1rios tons de cinza.<\/p>\n","protected":false},"featured_media":3159,"comment_status":"open","ping_status":"closed","template":"","meta":[],"product_brand":[],"product_cat":[247,192],"product_tag":[194],"class_list":{"0":"post-4503","1":"product","2":"type-product","3":"status-publish","4":"has-post-thumbnail","6":"product_cat-ak-47-pt-pt","7":"product_cat-espingarda","8":"product_tag-padrao-militar","9":"pa_all-products-skins","11":"first","12":"instock","13":"shipping-taxable","14":"purchasable","15":"product-type-simple"},"_links":{"self":[{"href":"https:\/\/csgo-trade.net\/pt-pt\/wp-json\/wp\/v2\/product\/4503","targetHints":{"allow":["GET"]}}],"collection":[{"href":"https:\/\/csgo-trade.net\/pt-pt\/wp-json\/wp\/v2\/product"}],"about":[{"href":"https:\/\/csgo-trade.net\/pt-pt\/wp-json\/wp\/v2\/types\/product"}],"replies":[{"embeddable":true,"href":"https:\/\/csgo-trade.net\/pt-pt\/wp-json\/wp\/v2\/comments?post=4503"}],"wp:featuredmedia":[{"embeddable":true,"href":"https:\/\/csgo-trade.net\/pt-pt\/wp-json\/wp\/v2\/media\/3159"}],"wp:attachment":[{"href":"https:\/\/csgo-trade.net\/pt-pt\/wp-json\/wp\/v2\/media?parent=4503"}],"wp:term":[{"taxonomy":"product_brand","embeddable":true,"href":"https:\/\/csgo-trade.net\/pt-pt\/wp-json\/wp\/v2\/product_brand?post=4503"},{"taxonomy":"product_cat","embeddable":true,"href":"https:\/\/csgo-trade.net\/pt-pt\/wp-json\/wp\/v2\/product_cat?post=4503"},{"taxonomy":"product_tag","embeddable":true,"href":"https:\/\/csgo-trade.net\/pt-pt\/wp-json\/wp\/v2\/product_tag?post=4503"}],"curies":[{"name":"wp","href":"https:\/\/api.w.org\/{rel}","templated":true}]}}