{"id":4502,"date":"2022-09-21T13:49:07","date_gmt":"2022-09-21T13:49:07","guid":{"rendered":"https:\/\/skinpoint.r-s.space\/shop\/p90-glacier-mesh\/"},"modified":"2025-08-21T09:12:16","modified_gmt":"2025-08-21T09:12:16","slug":"p90-glacier-mesh","status":"publish","type":"product","link":"https:\/\/csgo-trade.net\/pt-pt\/catalog\/p90-glacier-mesh\/","title":{"rendered":"P90 | Glacier Mesh"},"content":{"rendered":"<p>O corpo da metralhadora \u00e9 adornado com um padr\u00e3o de listras de tamanhos diferentes que s\u00e3o pintadas com spray usando malha como est\u00eancil. O esquema de cores do padr\u00e3o inclui as cores branco, azul e cinza.<\/p>\n","protected":false},"excerpt":{"rendered":"<p>O corpo da metralhadora \u00e9 adornado com um padr\u00e3o de listras de tamanhos diferentes que s\u00e3o pintadas com spray usando malha como est\u00eancil. O esquema de cores do padr\u00e3o inclui as cores branco, azul e cinza.<\/p>\n","protected":false},"featured_media":3162,"comment_status":"open","ping_status":"closed","template":"","meta":[],"product_brand":[],"product_cat":[262,257],"product_tag":[194],"class_list":{"0":"post-4502","1":"product","2":"type-product","3":"status-publish","4":"has-post-thumbnail","6":"product_cat-p90-pt-pt","7":"product_cat-submetralhadoras","8":"product_tag-padrao-militar","9":"pa_all-products-skins","11":"first","12":"instock","13":"shipping-taxable","14":"purchasable","15":"product-type-simple"},"_links":{"self":[{"href":"https:\/\/csgo-trade.net\/pt-pt\/wp-json\/wp\/v2\/product\/4502","targetHints":{"allow":["GET"]}}],"collection":[{"href":"https:\/\/csgo-trade.net\/pt-pt\/wp-json\/wp\/v2\/product"}],"about":[{"href":"https:\/\/csgo-trade.net\/pt-pt\/wp-json\/wp\/v2\/types\/product"}],"replies":[{"embeddable":true,"href":"https:\/\/csgo-trade.net\/pt-pt\/wp-json\/wp\/v2\/comments?post=4502"}],"wp:featuredmedia":[{"embeddable":true,"href":"https:\/\/csgo-trade.net\/pt-pt\/wp-json\/wp\/v2\/media\/3162"}],"wp:attachment":[{"href":"https:\/\/csgo-trade.net\/pt-pt\/wp-json\/wp\/v2\/media?parent=4502"}],"wp:term":[{"taxonomy":"product_brand","embeddable":true,"href":"https:\/\/csgo-trade.net\/pt-pt\/wp-json\/wp\/v2\/product_brand?post=4502"},{"taxonomy":"product_cat","embeddable":true,"href":"https:\/\/csgo-trade.net\/pt-pt\/wp-json\/wp\/v2\/product_cat?post=4502"},{"taxonomy":"product_tag","embeddable":true,"href":"https:\/\/csgo-trade.net\/pt-pt\/wp-json\/wp\/v2\/product_tag?post=4502"}],"curies":[{"name":"wp","href":"https:\/\/api.w.org\/{rel}","templated":true}]}}