{"id":4499,"date":"2022-09-21T13:49:08","date_gmt":"2022-09-21T13:49:08","guid":{"rendered":"https:\/\/skinpoint.r-s.space\/shop\/desert-eagle-ocean-drive\/"},"modified":"2025-08-21T09:12:24","modified_gmt":"2025-08-21T09:12:24","slug":"desert-eagle-ocean-drive","status":"publish","type":"product","link":"https:\/\/csgo-trade.net\/pt-pt\/catalog\/desert-eagle-ocean-drive\/","title":{"rendered":"Desert Eagle | Ocean Drive"},"content":{"rendered":"<p>Todo o corpo da pistola foi pintado com um padr\u00e3o geom\u00e9trico composto por v\u00e1rias texturas e elementos gr\u00e1ficos em cores vivas.<\/p>\n","protected":false},"excerpt":{"rendered":"<p>Todo o corpo da pistola foi pintado com um padr\u00e3o geom\u00e9trico composto por v\u00e1rias texturas e elementos gr\u00e1ficos em cores vivas.<\/p>\n","protected":false},"featured_media":3175,"comment_status":"open","ping_status":"closed","template":"","meta":[],"product_brand":[],"product_cat":[238,236],"product_tag":[267],"class_list":{"0":"post-4499","1":"product","2":"type-product","3":"status-publish","4":"has-post-thumbnail","6":"product_cat-desert-eagle-pt-pt","7":"product_cat-pistolas","8":"product_tag-secreto","9":"pa_all-products-skins","11":"first","12":"instock","13":"shipping-taxable","14":"purchasable","15":"product-type-simple"},"_links":{"self":[{"href":"https:\/\/csgo-trade.net\/pt-pt\/wp-json\/wp\/v2\/product\/4499","targetHints":{"allow":["GET"]}}],"collection":[{"href":"https:\/\/csgo-trade.net\/pt-pt\/wp-json\/wp\/v2\/product"}],"about":[{"href":"https:\/\/csgo-trade.net\/pt-pt\/wp-json\/wp\/v2\/types\/product"}],"replies":[{"embeddable":true,"href":"https:\/\/csgo-trade.net\/pt-pt\/wp-json\/wp\/v2\/comments?post=4499"}],"wp:featuredmedia":[{"embeddable":true,"href":"https:\/\/csgo-trade.net\/pt-pt\/wp-json\/wp\/v2\/media\/3175"}],"wp:attachment":[{"href":"https:\/\/csgo-trade.net\/pt-pt\/wp-json\/wp\/v2\/media?parent=4499"}],"wp:term":[{"taxonomy":"product_brand","embeddable":true,"href":"https:\/\/csgo-trade.net\/pt-pt\/wp-json\/wp\/v2\/product_brand?post=4499"},{"taxonomy":"product_cat","embeddable":true,"href":"https:\/\/csgo-trade.net\/pt-pt\/wp-json\/wp\/v2\/product_cat?post=4499"},{"taxonomy":"product_tag","embeddable":true,"href":"https:\/\/csgo-trade.net\/pt-pt\/wp-json\/wp\/v2\/product_tag?post=4499"}],"curies":[{"name":"wp","href":"https:\/\/api.w.org\/{rel}","templated":true}]}}