{"id":4496,"date":"2022-09-21T13:49:08","date_gmt":"2022-09-21T13:49:08","guid":{"rendered":"https:\/\/skinpoint.r-s.space\/shop\/xm1014-urban-perforated\/"},"modified":"2025-08-21T09:12:16","modified_gmt":"2025-08-21T09:12:16","slug":"xm1014-urban-perforated","status":"publish","type":"product","link":"https:\/\/csgo-trade.net\/pt-pt\/catalog\/xm1014-urban-perforated\/","title":{"rendered":"XM1014 | Urban Perforated"},"content":{"rendered":"<p>Todo o corpo da espingarda \u00e9 pintado com spray usando fita adesiva e uma placa perfurada como est\u00eanceis. O esquema de cores da skin inclui v\u00e1rios tons de cinza.<\/p>\n","protected":false},"excerpt":{"rendered":"<p>Todo o corpo da espingarda \u00e9 pintado com spray usando fita adesiva e uma placa perfurada como est\u00eanceis. O esquema de cores da skin inclui v\u00e1rios tons de cinza.<\/p>\n","protected":false},"featured_media":3171,"comment_status":"open","ping_status":"closed","template":"","meta":[],"product_brand":[],"product_cat":[209,215],"product_tag":[266],"class_list":{"0":"post-4496","1":"product","2":"type-product","3":"status-publish","4":"has-post-thumbnail","6":"product_cat-arma-pesada","7":"product_cat-xm1014-pt-pt","8":"product_tag-padrao-domestico","9":"pa_all-products-skins","11":"first","12":"instock","13":"shipping-taxable","14":"purchasable","15":"product-type-simple"},"_links":{"self":[{"href":"https:\/\/csgo-trade.net\/pt-pt\/wp-json\/wp\/v2\/product\/4496","targetHints":{"allow":["GET"]}}],"collection":[{"href":"https:\/\/csgo-trade.net\/pt-pt\/wp-json\/wp\/v2\/product"}],"about":[{"href":"https:\/\/csgo-trade.net\/pt-pt\/wp-json\/wp\/v2\/types\/product"}],"replies":[{"embeddable":true,"href":"https:\/\/csgo-trade.net\/pt-pt\/wp-json\/wp\/v2\/comments?post=4496"}],"wp:featuredmedia":[{"embeddable":true,"href":"https:\/\/csgo-trade.net\/pt-pt\/wp-json\/wp\/v2\/media\/3171"}],"wp:attachment":[{"href":"https:\/\/csgo-trade.net\/pt-pt\/wp-json\/wp\/v2\/media?parent=4496"}],"wp:term":[{"taxonomy":"product_brand","embeddable":true,"href":"https:\/\/csgo-trade.net\/pt-pt\/wp-json\/wp\/v2\/product_brand?post=4496"},{"taxonomy":"product_cat","embeddable":true,"href":"https:\/\/csgo-trade.net\/pt-pt\/wp-json\/wp\/v2\/product_cat?post=4496"},{"taxonomy":"product_tag","embeddable":true,"href":"https:\/\/csgo-trade.net\/pt-pt\/wp-json\/wp\/v2\/product_tag?post=4496"}],"curies":[{"name":"wp","href":"https:\/\/api.w.org\/{rel}","templated":true}]}}