{"id":4494,"date":"2022-09-21T13:49:17","date_gmt":"2022-09-21T13:49:17","guid":{"rendered":"https:\/\/skinpoint.r-s.space\/shop\/ak-47-leet-museo\/"},"modified":"2025-08-21T09:11:46","modified_gmt":"2025-08-21T09:11:46","slug":"ak-47-leet-museo","status":"publish","type":"product","link":"https:\/\/csgo-trade.net\/pt-pt\/catalog\/ak-47-leet-museo\/","title":{"rendered":"AK-47 | Leet Museo"},"content":{"rendered":"<p class=\"text-2xl sm:text-3xl font-bold\">O design da skin foi inspirado nas obras de Pablo Picasso. A parte central da composi\u00e7\u00e3o mostra dois membros de um grupo terrorista de elite pintados no fundo do mapa Dust II. O projeto tamb\u00e9m traz imagens de galinhas e diversos elementos da paisagem urbana.<\/p>\n","protected":false},"excerpt":{"rendered":"<p>O design da skin foi inspirado nas obras de Pablo Picasso. A parte central da composi\u00e7\u00e3o mostra dois membros de um grupo terrorista de elite pintados no fundo do mapa Dust II. O projeto tamb\u00e9m traz imagens de galinhas e diversos elementos da paisagem urbana.<\/p>\n","protected":false},"featured_media":3178,"comment_status":"open","ping_status":"closed","template":"","meta":[],"product_brand":[],"product_cat":[247,192],"product_tag":[267],"class_list":{"0":"post-4494","1":"product","2":"type-product","3":"status-publish","4":"has-post-thumbnail","6":"product_cat-ak-47-pt-pt","7":"product_cat-espingarda","8":"product_tag-secreto","9":"pa_all-products-skins","11":"first","12":"instock","13":"shipping-taxable","14":"purchasable","15":"product-type-simple"},"_links":{"self":[{"href":"https:\/\/csgo-trade.net\/pt-pt\/wp-json\/wp\/v2\/product\/4494","targetHints":{"allow":["GET"]}}],"collection":[{"href":"https:\/\/csgo-trade.net\/pt-pt\/wp-json\/wp\/v2\/product"}],"about":[{"href":"https:\/\/csgo-trade.net\/pt-pt\/wp-json\/wp\/v2\/types\/product"}],"replies":[{"embeddable":true,"href":"https:\/\/csgo-trade.net\/pt-pt\/wp-json\/wp\/v2\/comments?post=4494"}],"wp:featuredmedia":[{"embeddable":true,"href":"https:\/\/csgo-trade.net\/pt-pt\/wp-json\/wp\/v2\/media\/3178"}],"wp:attachment":[{"href":"https:\/\/csgo-trade.net\/pt-pt\/wp-json\/wp\/v2\/media?parent=4494"}],"wp:term":[{"taxonomy":"product_brand","embeddable":true,"href":"https:\/\/csgo-trade.net\/pt-pt\/wp-json\/wp\/v2\/product_brand?post=4494"},{"taxonomy":"product_cat","embeddable":true,"href":"https:\/\/csgo-trade.net\/pt-pt\/wp-json\/wp\/v2\/product_cat?post=4494"},{"taxonomy":"product_tag","embeddable":true,"href":"https:\/\/csgo-trade.net\/pt-pt\/wp-json\/wp\/v2\/product_tag?post=4494"}],"curies":[{"name":"wp","href":"https:\/\/api.w.org\/{rel}","templated":true}]}}