{"id":4493,"date":"2022-09-21T13:49:17","date_gmt":"2022-09-21T13:49:17","guid":{"rendered":"https:\/\/skinpoint.r-s.space\/shop\/ssg-08-turbo-peek\/"},"modified":"2025-08-21T09:11:43","modified_gmt":"2025-08-21T09:11:43","slug":"ssg-08-turbo-peek","status":"publish","type":"product","link":"https:\/\/csgo-trade.net\/pt-pt\/catalog\/ssg-08-turbo-peek\/","title":{"rendered":"SSG 08 | Turbo Peek"},"content":{"rendered":"<p class=\"text-2xl sm:text-3xl font-bold\">A skin \u00e9 pintada em cores neon vivas. A parte central do rifle e a coronha apresentam imagens de carros de corrida. O design tamb\u00e9m inclui a inscri\u00e7\u00e3o \u201cSSG 08\u201d. O escopo \u00e9 sem pintura. O cano, o cabo e as partes individuais do rifle s\u00e3o pintados de preto.<\/p>\n","protected":false},"excerpt":{"rendered":"<p>A skin \u00e9 pintada em cores neon vivas. A parte central do rifle e a coronha apresentam imagens de carros de corrida. O design tamb\u00e9m inclui a inscri\u00e7\u00e3o \u201cSSG 08\u201d. O escopo \u00e9 sem pintura. O cano, o cabo e as partes individuais do rifle s\u00e3o pintados de preto.<\/p>\n","protected":false},"featured_media":3181,"comment_status":"open","ping_status":"closed","template":"","meta":[],"product_brand":[],"product_cat":[192,256],"product_tag":[265],"class_list":{"0":"post-4493","1":"product","2":"type-product","3":"status-publish","4":"has-post-thumbnail","6":"product_cat-espingarda","7":"product_cat-ssg-08-pt-pt","8":"product_tag-confidencial","9":"pa_all-products-skins","11":"first","12":"instock","13":"shipping-taxable","14":"purchasable","15":"product-type-simple"},"_links":{"self":[{"href":"https:\/\/csgo-trade.net\/pt-pt\/wp-json\/wp\/v2\/product\/4493","targetHints":{"allow":["GET"]}}],"collection":[{"href":"https:\/\/csgo-trade.net\/pt-pt\/wp-json\/wp\/v2\/product"}],"about":[{"href":"https:\/\/csgo-trade.net\/pt-pt\/wp-json\/wp\/v2\/types\/product"}],"replies":[{"embeddable":true,"href":"https:\/\/csgo-trade.net\/pt-pt\/wp-json\/wp\/v2\/comments?post=4493"}],"wp:featuredmedia":[{"embeddable":true,"href":"https:\/\/csgo-trade.net\/pt-pt\/wp-json\/wp\/v2\/media\/3181"}],"wp:attachment":[{"href":"https:\/\/csgo-trade.net\/pt-pt\/wp-json\/wp\/v2\/media?parent=4493"}],"wp:term":[{"taxonomy":"product_brand","embeddable":true,"href":"https:\/\/csgo-trade.net\/pt-pt\/wp-json\/wp\/v2\/product_brand?post=4493"},{"taxonomy":"product_cat","embeddable":true,"href":"https:\/\/csgo-trade.net\/pt-pt\/wp-json\/wp\/v2\/product_cat?post=4493"},{"taxonomy":"product_tag","embeddable":true,"href":"https:\/\/csgo-trade.net\/pt-pt\/wp-json\/wp\/v2\/product_tag?post=4493"}],"curies":[{"name":"wp","href":"https:\/\/api.w.org\/{rel}","templated":true}]}}