{"id":4492,"date":"2022-09-21T13:49:18","date_gmt":"2022-09-21T13:49:18","guid":{"rendered":"https:\/\/skinpoint.r-s.space\/shop\/mp9-mount-fuji\/"},"modified":"2025-08-21T09:11:38","modified_gmt":"2025-08-21T09:11:38","slug":"mp9-mount-fuji","status":"publish","type":"product","link":"https:\/\/csgo-trade.net\/pt-pt\/catalog\/mp9-mount-fuji\/","title":{"rendered":"MP9 | Mount Fuji"},"content":{"rendered":"<p>O corpo da arma foi pintado com uma imagem do Monte Fuji ao amanhecer. O esquema de cores inclui as cores rosa e azul. As al\u00e7as s\u00e3o pintadas com um gradiente rosa-azul caracterizado por um padr\u00e3o ondulado. O cano, a coronha e o carregador permanecem sem pintura.<\/p>\n","protected":false},"excerpt":{"rendered":"<p>O corpo da arma foi pintado com uma imagem do Monte Fuji ao amanhecer. O esquema de cores inclui as cores rosa e azul. As al\u00e7as s\u00e3o pintadas com um gradiente rosa-azul caracterizado por um padr\u00e3o ondulado. O cano, a coronha e o carregador permanecem sem pintura.<\/p>\n","protected":false},"featured_media":3193,"comment_status":"open","ping_status":"closed","template":"","meta":[],"product_brand":[],"product_cat":[261,257],"product_tag":[270],"class_list":{"0":"post-4492","1":"product","2":"type-product","3":"status-publish","4":"has-post-thumbnail","6":"product_cat-mp9-pt-pt","7":"product_cat-submetralhadoras","8":"product_tag-restrito","9":"pa_all-products-skins","11":"first","12":"instock","13":"shipping-taxable","14":"purchasable","15":"product-type-simple"},"_links":{"self":[{"href":"https:\/\/csgo-trade.net\/pt-pt\/wp-json\/wp\/v2\/product\/4492","targetHints":{"allow":["GET"]}}],"collection":[{"href":"https:\/\/csgo-trade.net\/pt-pt\/wp-json\/wp\/v2\/product"}],"about":[{"href":"https:\/\/csgo-trade.net\/pt-pt\/wp-json\/wp\/v2\/types\/product"}],"replies":[{"embeddable":true,"href":"https:\/\/csgo-trade.net\/pt-pt\/wp-json\/wp\/v2\/comments?post=4492"}],"wp:featuredmedia":[{"embeddable":true,"href":"https:\/\/csgo-trade.net\/pt-pt\/wp-json\/wp\/v2\/media\/3193"}],"wp:attachment":[{"href":"https:\/\/csgo-trade.net\/pt-pt\/wp-json\/wp\/v2\/media?parent=4492"}],"wp:term":[{"taxonomy":"product_brand","embeddable":true,"href":"https:\/\/csgo-trade.net\/pt-pt\/wp-json\/wp\/v2\/product_brand?post=4492"},{"taxonomy":"product_cat","embeddable":true,"href":"https:\/\/csgo-trade.net\/pt-pt\/wp-json\/wp\/v2\/product_cat?post=4492"},{"taxonomy":"product_tag","embeddable":true,"href":"https:\/\/csgo-trade.net\/pt-pt\/wp-json\/wp\/v2\/product_tag?post=4492"}],"curies":[{"name":"wp","href":"https:\/\/api.w.org\/{rel}","templated":true}]}}