{"id":4491,"date":"2022-09-21T13:49:18","date_gmt":"2022-09-21T13:49:18","guid":{"rendered":"https:\/\/skinpoint.r-s.space\/shop\/five-seven-boost-protocol\/"},"modified":"2025-08-21T09:11:44","modified_gmt":"2025-08-21T09:11:44","slug":"five-seven-boost-protocol","status":"publish","type":"product","link":"https:\/\/csgo-trade.net\/pt-pt\/catalog\/five-seven-boost-protocol\/","title":{"rendered":"Five-SeveN | Boost Protocol"},"content":{"rendered":"<p>O design da skin \u00e9 feito em estilo futurista. O corpo da pistola foi pintado de preto e branco e apresenta detalhes em laranja e rosa brilhantes. O slide foi pintado com um fragmento da cabe\u00e7a de um rob\u00f4. A parte de tr\u00e1s do slide tamb\u00e9m apresenta um \u00edcone de cabe\u00e7a de rob\u00f4 rosa. O design inclui elementos gr\u00e1ficos, pictogramas e inscri\u00e7\u00f5es localizadas em v\u00e1rias partes do corpo.<\/p>\n","protected":false},"excerpt":{"rendered":"<p>O design da skin \u00e9 feito em estilo futurista. O corpo da pistola foi pintado de preto e branco e apresenta detalhes em laranja e rosa brilhantes. O slide foi pintado com um fragmento da cabe\u00e7a de um rob\u00f4. A parte de tr\u00e1s do slide tamb\u00e9m apresenta um \u00edcone de cabe\u00e7a de rob\u00f4 rosa. O [&#8230;]\n","protected":false},"featured_media":3199,"comment_status":"open","ping_status":"closed","template":"","meta":[],"product_brand":[],"product_cat":[240,236],"product_tag":[270],"class_list":{"0":"post-4491","1":"product","2":"type-product","3":"status-publish","4":"has-post-thumbnail","6":"product_cat-five-seven-pt-pt","7":"product_cat-pistolas","8":"product_tag-restrito","9":"pa_all-products-skins","11":"first","12":"instock","13":"shipping-taxable","14":"purchasable","15":"product-type-simple"},"_links":{"self":[{"href":"https:\/\/csgo-trade.net\/pt-pt\/wp-json\/wp\/v2\/product\/4491","targetHints":{"allow":["GET"]}}],"collection":[{"href":"https:\/\/csgo-trade.net\/pt-pt\/wp-json\/wp\/v2\/product"}],"about":[{"href":"https:\/\/csgo-trade.net\/pt-pt\/wp-json\/wp\/v2\/types\/product"}],"replies":[{"embeddable":true,"href":"https:\/\/csgo-trade.net\/pt-pt\/wp-json\/wp\/v2\/comments?post=4491"}],"wp:featuredmedia":[{"embeddable":true,"href":"https:\/\/csgo-trade.net\/pt-pt\/wp-json\/wp\/v2\/media\/3199"}],"wp:attachment":[{"href":"https:\/\/csgo-trade.net\/pt-pt\/wp-json\/wp\/v2\/media?parent=4491"}],"wp:term":[{"taxonomy":"product_brand","embeddable":true,"href":"https:\/\/csgo-trade.net\/pt-pt\/wp-json\/wp\/v2\/product_brand?post=4491"},{"taxonomy":"product_cat","embeddable":true,"href":"https:\/\/csgo-trade.net\/pt-pt\/wp-json\/wp\/v2\/product_cat?post=4491"},{"taxonomy":"product_tag","embeddable":true,"href":"https:\/\/csgo-trade.net\/pt-pt\/wp-json\/wp\/v2\/product_tag?post=4491"}],"curies":[{"name":"wp","href":"https:\/\/api.w.org\/{rel}","templated":true}]}}