{"id":4489,"date":"2022-09-21T13:49:18","date_gmt":"2022-09-21T13:49:18","guid":{"rendered":"https:\/\/skinpoint.r-s.space\/shop\/m4a4-spider-lily\/"},"modified":"2025-08-21T09:11:45","modified_gmt":"2025-08-21T09:11:45","slug":"m4a4-spider-lily","status":"publish","type":"product","link":"https:\/\/csgo-trade.net\/pt-pt\/catalog\/m4a4-spider-lily\/","title":{"rendered":"M4A4 | Spider Lily"},"content":{"rendered":"<p>A parte central do rifle \u00e9 pintada com imagens de flores vermelhas sobre um fundo azul escuro. O protetor de m\u00e3o e a parte superior da coronha apresentam um padr\u00e3o azul abstrato. A al\u00e7a e a parte traseira da coronha s\u00e3o feitas de pl\u00e1stico cinza. Pequenas partes individuais do corpo s\u00e3o feitas de lat\u00e3o.<\/p>\n","protected":false},"excerpt":{"rendered":"<p>A parte central do rifle \u00e9 pintada com imagens de flores vermelhas sobre um fundo azul escuro. O protetor de m\u00e3o e a parte superior da coronha apresentam um padr\u00e3o azul abstrato. A al\u00e7a e a parte traseira da coronha s\u00e3o feitas de pl\u00e1stico cinza. Pequenas partes individuais do corpo s\u00e3o feitas de lat\u00e3o.<\/p>\n","protected":false},"featured_media":3190,"comment_status":"open","ping_status":"closed","template":"","meta":[],"product_brand":[],"product_cat":[192,253],"product_tag":[270],"class_list":{"0":"post-4489","1":"product","2":"type-product","3":"status-publish","4":"has-post-thumbnail","6":"product_cat-espingarda","7":"product_cat-m4a4-pt-pt","8":"product_tag-restrito","9":"pa_all-products-skins","11":"first","12":"instock","13":"shipping-taxable","14":"purchasable","15":"product-type-simple"},"_links":{"self":[{"href":"https:\/\/csgo-trade.net\/pt-pt\/wp-json\/wp\/v2\/product\/4489","targetHints":{"allow":["GET"]}}],"collection":[{"href":"https:\/\/csgo-trade.net\/pt-pt\/wp-json\/wp\/v2\/product"}],"about":[{"href":"https:\/\/csgo-trade.net\/pt-pt\/wp-json\/wp\/v2\/types\/product"}],"replies":[{"embeddable":true,"href":"https:\/\/csgo-trade.net\/pt-pt\/wp-json\/wp\/v2\/comments?post=4489"}],"wp:featuredmedia":[{"embeddable":true,"href":"https:\/\/csgo-trade.net\/pt-pt\/wp-json\/wp\/v2\/media\/3190"}],"wp:attachment":[{"href":"https:\/\/csgo-trade.net\/pt-pt\/wp-json\/wp\/v2\/media?parent=4489"}],"wp:term":[{"taxonomy":"product_brand","embeddable":true,"href":"https:\/\/csgo-trade.net\/pt-pt\/wp-json\/wp\/v2\/product_brand?post=4489"},{"taxonomy":"product_cat","embeddable":true,"href":"https:\/\/csgo-trade.net\/pt-pt\/wp-json\/wp\/v2\/product_cat?post=4489"},{"taxonomy":"product_tag","embeddable":true,"href":"https:\/\/csgo-trade.net\/pt-pt\/wp-json\/wp\/v2\/product_tag?post=4489"}],"curies":[{"name":"wp","href":"https:\/\/api.w.org\/{rel}","templated":true}]}}