{"id":4485,"date":"2022-09-21T13:49:18","date_gmt":"2022-09-21T13:49:18","guid":{"rendered":"https:\/\/skinpoint.r-s.space\/shop\/glock-18-snack-attack\/"},"modified":"2025-08-21T09:11:41","modified_gmt":"2025-08-21T09:11:41","slug":"glock-18-snack-attack","status":"publish","type":"product","link":"https:\/\/csgo-trade.net\/pt-pt\/catalog\/glock-18-snack-attack\/","title":{"rendered":"Glock-18 | Snack Attack"},"content":{"rendered":"<p class=\"text-2xl sm:text-3xl font-bold\">O corpo da pistola se assemelha a um recipiente de pl\u00e1stico transl\u00facido cheio de salgadinhos pintados em estilo cartoon. O esquema de cores \u00e9 dominado por amarelo e vermelho.<\/p>\n","protected":false},"excerpt":{"rendered":"<p>O corpo da pistola se assemelha a um recipiente de pl\u00e1stico transl\u00facido cheio de salgadinhos pintados em estilo cartoon. O esquema de cores \u00e9 dominado por amarelo e vermelho.<\/p>\n","protected":false},"featured_media":3184,"comment_status":"open","ping_status":"closed","template":"","meta":[],"product_brand":[],"product_cat":[241,236],"product_tag":[265],"class_list":{"0":"post-4485","1":"product","2":"type-product","3":"status-publish","4":"has-post-thumbnail","6":"product_cat-glock-18-pt-pt","7":"product_cat-pistolas","8":"product_tag-confidencial","9":"pa_all-products-skins","11":"first","12":"instock","13":"shipping-taxable","14":"purchasable","15":"product-type-simple"},"_links":{"self":[{"href":"https:\/\/csgo-trade.net\/pt-pt\/wp-json\/wp\/v2\/product\/4485","targetHints":{"allow":["GET"]}}],"collection":[{"href":"https:\/\/csgo-trade.net\/pt-pt\/wp-json\/wp\/v2\/product"}],"about":[{"href":"https:\/\/csgo-trade.net\/pt-pt\/wp-json\/wp\/v2\/types\/product"}],"replies":[{"embeddable":true,"href":"https:\/\/csgo-trade.net\/pt-pt\/wp-json\/wp\/v2\/comments?post=4485"}],"wp:featuredmedia":[{"embeddable":true,"href":"https:\/\/csgo-trade.net\/pt-pt\/wp-json\/wp\/v2\/media\/3184"}],"wp:attachment":[{"href":"https:\/\/csgo-trade.net\/pt-pt\/wp-json\/wp\/v2\/media?parent=4485"}],"wp:term":[{"taxonomy":"product_brand","embeddable":true,"href":"https:\/\/csgo-trade.net\/pt-pt\/wp-json\/wp\/v2\/product_brand?post=4485"},{"taxonomy":"product_cat","embeddable":true,"href":"https:\/\/csgo-trade.net\/pt-pt\/wp-json\/wp\/v2\/product_cat?post=4485"},{"taxonomy":"product_tag","embeddable":true,"href":"https:\/\/csgo-trade.net\/pt-pt\/wp-json\/wp\/v2\/product_tag?post=4485"}],"curies":[{"name":"wp","href":"https:\/\/api.w.org\/{rel}","templated":true}]}}