{"id":4483,"date":"2022-09-21T13:49:18","date_gmt":"2022-09-21T13:49:18","guid":{"rendered":"https:\/\/skinpoint.r-s.space\/shop\/mac-10-toybox\/"},"modified":"2025-08-21T09:11:49","modified_gmt":"2025-08-21T09:11:49","slug":"mac-10-toybox","status":"publish","type":"product","link":"https:\/\/csgo-trade.net\/pt-pt\/catalog\/mac-10-toybox\/","title":{"rendered":"MAC-10 | Toybox"},"content":{"rendered":"<p>A skin \u00e9 pintada em estilo de arte de rua e apresenta v\u00e1rios personagens multicoloridos, como alien\u00edgenas, galinhas e coelhos. O design \u00e9 complementado por imagens de granadas e balas.<\/p>\n","protected":false},"excerpt":{"rendered":"<p>A skin \u00e9 pintada em estilo de arte de rua e apresenta v\u00e1rios personagens multicoloridos, como alien\u00edgenas, galinhas e coelhos. O design \u00e9 complementado por imagens de granadas e balas.<\/p>\n","protected":false},"featured_media":3187,"comment_status":"open","ping_status":"closed","template":"","meta":[],"product_brand":[],"product_cat":[258,257],"product_tag":[265],"class_list":{"0":"post-4483","1":"product","2":"type-product","3":"status-publish","4":"has-post-thumbnail","6":"product_cat-mac-10-pt-pt","7":"product_cat-submetralhadoras","8":"product_tag-confidencial","9":"pa_all-products-skins","11":"first","12":"instock","13":"shipping-taxable","14":"purchasable","15":"product-type-simple"},"_links":{"self":[{"href":"https:\/\/csgo-trade.net\/pt-pt\/wp-json\/wp\/v2\/product\/4483","targetHints":{"allow":["GET"]}}],"collection":[{"href":"https:\/\/csgo-trade.net\/pt-pt\/wp-json\/wp\/v2\/product"}],"about":[{"href":"https:\/\/csgo-trade.net\/pt-pt\/wp-json\/wp\/v2\/types\/product"}],"replies":[{"embeddable":true,"href":"https:\/\/csgo-trade.net\/pt-pt\/wp-json\/wp\/v2\/comments?post=4483"}],"wp:featuredmedia":[{"embeddable":true,"href":"https:\/\/csgo-trade.net\/pt-pt\/wp-json\/wp\/v2\/media\/3187"}],"wp:attachment":[{"href":"https:\/\/csgo-trade.net\/pt-pt\/wp-json\/wp\/v2\/media?parent=4483"}],"wp:term":[{"taxonomy":"product_brand","embeddable":true,"href":"https:\/\/csgo-trade.net\/pt-pt\/wp-json\/wp\/v2\/product_brand?post=4483"},{"taxonomy":"product_cat","embeddable":true,"href":"https:\/\/csgo-trade.net\/pt-pt\/wp-json\/wp\/v2\/product_cat?post=4483"},{"taxonomy":"product_tag","embeddable":true,"href":"https:\/\/csgo-trade.net\/pt-pt\/wp-json\/wp\/v2\/product_tag?post=4483"}],"curies":[{"name":"wp","href":"https:\/\/api.w.org\/{rel}","templated":true}]}}