{"id":4482,"date":"2022-09-21T13:49:19","date_gmt":"2022-09-21T13:49:19","guid":{"rendered":"https:\/\/skinpoint.r-s.space\/shop\/g3sg1-keeping-tabs\/"},"modified":"2025-08-21T09:11:11","modified_gmt":"2025-08-21T09:11:11","slug":"g3sg1-keeping-tabs","status":"publish","type":"product","link":"https:\/\/csgo-trade.net\/pt-pt\/catalog\/g3sg1-keeping-tabs\/","title":{"rendered":"G3SG1 | Keeping Tabs"},"content":{"rendered":"<p class=\"text-2xl sm:text-3xl font-bold\">O corpo do rifle foi pintado com um padr\u00e3o referente \u00e0 exibi\u00e7\u00e3o do mapa t\u00e1tico da Zona de Perigo. O fragmento do mapa apresenta uma grade transl\u00facida de hex\u00e1gonos. O esquema de cores da skin compreende vermelho, amarelo e v\u00e1rios tons de verde. A mira, o carregador e as partes individuais da arma s\u00e3o pintadas de preto s\u00f3lido.<\/p>\n","protected":false},"excerpt":{"rendered":"<p>O corpo do rifle foi pintado com um padr\u00e3o referente \u00e0 exibi\u00e7\u00e3o do mapa t\u00e1tico da Zona de Perigo. O fragmento do mapa apresenta uma grade transl\u00facida de hex\u00e1gonos. O esquema de cores da skin compreende vermelho, amarelo e v\u00e1rios tons de verde. A mira, o carregador e as partes individuais da arma s\u00e3o pintadas [&#8230;]\n","protected":false},"featured_media":3223,"comment_status":"open","ping_status":"closed","template":"","meta":[],"product_brand":[],"product_cat":[192,250],"product_tag":[194],"class_list":{"0":"post-4482","1":"product","2":"type-product","3":"status-publish","4":"has-post-thumbnail","6":"product_cat-espingarda","7":"product_cat-g3sg1-pt-pt","8":"product_tag-padrao-militar","9":"pa_all-products-skins","11":"first","12":"instock","13":"shipping-taxable","14":"purchasable","15":"product-type-simple"},"_links":{"self":[{"href":"https:\/\/csgo-trade.net\/pt-pt\/wp-json\/wp\/v2\/product\/4482","targetHints":{"allow":["GET"]}}],"collection":[{"href":"https:\/\/csgo-trade.net\/pt-pt\/wp-json\/wp\/v2\/product"}],"about":[{"href":"https:\/\/csgo-trade.net\/pt-pt\/wp-json\/wp\/v2\/types\/product"}],"replies":[{"embeddable":true,"href":"https:\/\/csgo-trade.net\/pt-pt\/wp-json\/wp\/v2\/comments?post=4482"}],"wp:featuredmedia":[{"embeddable":true,"href":"https:\/\/csgo-trade.net\/pt-pt\/wp-json\/wp\/v2\/media\/3223"}],"wp:attachment":[{"href":"https:\/\/csgo-trade.net\/pt-pt\/wp-json\/wp\/v2\/media?parent=4482"}],"wp:term":[{"taxonomy":"product_brand","embeddable":true,"href":"https:\/\/csgo-trade.net\/pt-pt\/wp-json\/wp\/v2\/product_brand?post=4482"},{"taxonomy":"product_cat","embeddable":true,"href":"https:\/\/csgo-trade.net\/pt-pt\/wp-json\/wp\/v2\/product_cat?post=4482"},{"taxonomy":"product_tag","embeddable":true,"href":"https:\/\/csgo-trade.net\/pt-pt\/wp-json\/wp\/v2\/product_tag?post=4482"}],"curies":[{"name":"wp","href":"https:\/\/api.w.org\/{rel}","templated":true}]}}