{"id":4481,"date":"2022-09-21T13:49:19","date_gmt":"2022-09-21T13:49:19","guid":{"rendered":"https:\/\/skinpoint.r-s.space\/shop\/mp7-guerrilla\/"},"modified":"2025-08-21T09:11:12","modified_gmt":"2025-08-21T09:11:12","slug":"mp7-guerrilla","status":"publish","type":"product","link":"https:\/\/csgo-trade.net\/pt-pt\/catalog\/mp7-guerrilla\/","title":{"rendered":"MP7 | Guerrilla"},"content":{"rendered":"<p>O corpo da arma foi pintado de forma desigual em c\u00e1qui e complementado por listras pretas e um grande \u00edcone de cabe\u00e7a de macaco. O design apresenta detalhes em preto e vermelho, v\u00e1rias inscri\u00e7\u00f5es e uma imagem de uma estrela negra localizada na al\u00e7a.<\/p>\n","protected":false},"excerpt":{"rendered":"<p>O corpo da arma foi pintado de forma desigual em c\u00e1qui e complementado por listras pretas e um grande \u00edcone de cabe\u00e7a de macaco. O design apresenta detalhes em preto e vermelho, v\u00e1rias inscri\u00e7\u00f5es e uma imagem de uma estrela negra localizada na al\u00e7a.<\/p>\n","protected":false},"featured_media":3217,"comment_status":"open","ping_status":"closed","template":"","meta":[],"product_brand":[],"product_cat":[260,257],"product_tag":[194],"class_list":{"0":"post-4481","1":"product","2":"type-product","3":"status-publish","4":"has-post-thumbnail","6":"product_cat-mp7-pt-pt","7":"product_cat-submetralhadoras","8":"product_tag-padrao-militar","9":"pa_all-products-skins","11":"first","12":"instock","13":"shipping-taxable","14":"purchasable","15":"product-type-simple"},"_links":{"self":[{"href":"https:\/\/csgo-trade.net\/pt-pt\/wp-json\/wp\/v2\/product\/4481","targetHints":{"allow":["GET"]}}],"collection":[{"href":"https:\/\/csgo-trade.net\/pt-pt\/wp-json\/wp\/v2\/product"}],"about":[{"href":"https:\/\/csgo-trade.net\/pt-pt\/wp-json\/wp\/v2\/types\/product"}],"replies":[{"embeddable":true,"href":"https:\/\/csgo-trade.net\/pt-pt\/wp-json\/wp\/v2\/comments?post=4481"}],"wp:featuredmedia":[{"embeddable":true,"href":"https:\/\/csgo-trade.net\/pt-pt\/wp-json\/wp\/v2\/media\/3217"}],"wp:attachment":[{"href":"https:\/\/csgo-trade.net\/pt-pt\/wp-json\/wp\/v2\/media?parent=4481"}],"wp:term":[{"taxonomy":"product_brand","embeddable":true,"href":"https:\/\/csgo-trade.net\/pt-pt\/wp-json\/wp\/v2\/product_brand?post=4481"},{"taxonomy":"product_cat","embeddable":true,"href":"https:\/\/csgo-trade.net\/pt-pt\/wp-json\/wp\/v2\/product_cat?post=4481"},{"taxonomy":"product_tag","embeddable":true,"href":"https:\/\/csgo-trade.net\/pt-pt\/wp-json\/wp\/v2\/product_tag?post=4481"}],"curies":[{"name":"wp","href":"https:\/\/api.w.org\/{rel}","templated":true}]}}