{"id":4479,"date":"2022-09-21T13:49:19","date_gmt":"2022-09-21T13:49:19","guid":{"rendered":"https:\/\/skinpoint.r-s.space\/shop\/aug-plague\/"},"modified":"2025-08-21T09:11:12","modified_gmt":"2025-08-21T09:11:12","slug":"aug-plague","status":"publish","type":"product","link":"https:\/\/csgo-trade.net\/pt-pt\/catalog\/aug-plague\/","title":{"rendered":"AUG | Plague"},"content":{"rendered":"<p class=\"text-2xl sm:text-3xl font-bold\">O corpo de metal do rifle \u00e9 decorado com gravuras intrincadas. O playside apresenta imagens de uma mariposa Death&#8217;s Head e uma m\u00e1scara de m\u00e9dico da peste. A parte de tr\u00e1s apresenta imagens de duas mariposas e a cabe\u00e7a de uma menina. A luneta, o carregador e o cano n\u00e3o s\u00e3o pintados. Tra\u00e7os de ferrugem est\u00e3o presentes em v\u00e1rias partes do corpo do rifle.<\/p>\n","protected":false},"excerpt":{"rendered":"<p>O corpo de metal do rifle \u00e9 decorado com gravuras intrincadas. O playside apresenta imagens de uma mariposa Death&#8217;s Head e uma m\u00e1scara de m\u00e9dico da peste. A parte de tr\u00e1s apresenta imagens de duas mariposas e a cabe\u00e7a de uma menina. A luneta, o carregador e o cano n\u00e3o s\u00e3o pintados. Tra\u00e7os de ferrugem [&#8230;]\n","protected":false},"featured_media":3211,"comment_status":"open","ping_status":"closed","template":"","meta":[],"product_brand":[],"product_cat":[193,192],"product_tag":[194],"class_list":{"0":"post-4479","1":"product","2":"type-product","3":"status-publish","4":"has-post-thumbnail","6":"product_cat-aug-pt-pt","7":"product_cat-espingarda","8":"product_tag-padrao-militar","9":"pa_all-products-skins","11":"first","12":"instock","13":"shipping-taxable","14":"purchasable","15":"product-type-simple"},"_links":{"self":[{"href":"https:\/\/csgo-trade.net\/pt-pt\/wp-json\/wp\/v2\/product\/4479","targetHints":{"allow":["GET"]}}],"collection":[{"href":"https:\/\/csgo-trade.net\/pt-pt\/wp-json\/wp\/v2\/product"}],"about":[{"href":"https:\/\/csgo-trade.net\/pt-pt\/wp-json\/wp\/v2\/types\/product"}],"replies":[{"embeddable":true,"href":"https:\/\/csgo-trade.net\/pt-pt\/wp-json\/wp\/v2\/comments?post=4479"}],"wp:featuredmedia":[{"embeddable":true,"href":"https:\/\/csgo-trade.net\/pt-pt\/wp-json\/wp\/v2\/media\/3211"}],"wp:attachment":[{"href":"https:\/\/csgo-trade.net\/pt-pt\/wp-json\/wp\/v2\/media?parent=4479"}],"wp:term":[{"taxonomy":"product_brand","embeddable":true,"href":"https:\/\/csgo-trade.net\/pt-pt\/wp-json\/wp\/v2\/product_brand?post=4479"},{"taxonomy":"product_cat","embeddable":true,"href":"https:\/\/csgo-trade.net\/pt-pt\/wp-json\/wp\/v2\/product_cat?post=4479"},{"taxonomy":"product_tag","embeddable":true,"href":"https:\/\/csgo-trade.net\/pt-pt\/wp-json\/wp\/v2\/product_tag?post=4479"}],"curies":[{"name":"wp","href":"https:\/\/api.w.org\/{rel}","templated":true}]}}