{"id":4477,"date":"2022-09-21T13:49:19","date_gmt":"2022-09-21T13:49:19","guid":{"rendered":"https:\/\/skinpoint.r-s.space\/shop\/usp-s-black-lotus\/"},"modified":"2025-08-21T09:11:06","modified_gmt":"2025-08-21T09:11:06","slug":"usp-s-black-lotus","status":"publish","type":"product","link":"https:\/\/csgo-trade.net\/pt-pt\/catalog\/usp-s-black-lotus\/","title":{"rendered":"USP-S | Black Lotus"},"content":{"rendered":"<p>O slide da pistola foi pintado com a imagem de uma flor roxa. O contorno da al\u00e7a \u00e9 parcialmente pintado com um gradiente roxo. O silenciador \u00e9 sem pintura e perfurado. A parte traseira do slide apresenta um \u00edcone de l\u00f3tus gravado.<\/p>\n","protected":false},"excerpt":{"rendered":"<p>O slide da pistola foi pintado com a imagem de uma flor roxa. O contorno da al\u00e7a \u00e9 parcialmente pintado com um gradiente roxo. O silenciador \u00e9 sem pintura e perfurado. A parte traseira do slide apresenta um \u00edcone de l\u00f3tus gravado.<\/p>\n","protected":false},"featured_media":3205,"comment_status":"open","ping_status":"closed","template":"","meta":[],"product_brand":[],"product_cat":[236,246],"product_tag":[194],"class_list":{"0":"post-4477","1":"product","2":"type-product","3":"status-publish","4":"has-post-thumbnail","6":"product_cat-pistolas","7":"product_cat-usp-s-pt-pt","8":"product_tag-padrao-militar","9":"pa_all-products-skins","11":"first","12":"instock","13":"shipping-taxable","14":"purchasable","15":"product-type-simple"},"_links":{"self":[{"href":"https:\/\/csgo-trade.net\/pt-pt\/wp-json\/wp\/v2\/product\/4477","targetHints":{"allow":["GET"]}}],"collection":[{"href":"https:\/\/csgo-trade.net\/pt-pt\/wp-json\/wp\/v2\/product"}],"about":[{"href":"https:\/\/csgo-trade.net\/pt-pt\/wp-json\/wp\/v2\/types\/product"}],"replies":[{"embeddable":true,"href":"https:\/\/csgo-trade.net\/pt-pt\/wp-json\/wp\/v2\/comments?post=4477"}],"wp:featuredmedia":[{"embeddable":true,"href":"https:\/\/csgo-trade.net\/pt-pt\/wp-json\/wp\/v2\/media\/3205"}],"wp:attachment":[{"href":"https:\/\/csgo-trade.net\/pt-pt\/wp-json\/wp\/v2\/media?parent=4477"}],"wp:term":[{"taxonomy":"product_brand","embeddable":true,"href":"https:\/\/csgo-trade.net\/pt-pt\/wp-json\/wp\/v2\/product_brand?post=4477"},{"taxonomy":"product_cat","embeddable":true,"href":"https:\/\/csgo-trade.net\/pt-pt\/wp-json\/wp\/v2\/product_cat?post=4477"},{"taxonomy":"product_tag","embeddable":true,"href":"https:\/\/csgo-trade.net\/pt-pt\/wp-json\/wp\/v2\/product_tag?post=4477"}],"curies":[{"name":"wp","href":"https:\/\/api.w.org\/{rel}","templated":true}]}}