{"id":4470,"date":"2022-09-21T13:49:20","date_gmt":"2022-09-21T13:49:20","guid":{"rendered":"https:\/\/skinpoint.r-s.space\/shop\/ssg-08-big-iron\/"},"modified":"2025-08-21T09:11:05","modified_gmt":"2025-08-21T09:11:05","slug":"ssg-08-big-iron","status":"publish","type":"product","link":"https:\/\/csgo-trade.net\/pt-pt\/catalog\/ssg-08-big-iron\/","title":{"rendered":"SSG 08 | Big Iron"},"content":{"rendered":"<p class=\"text-2xl sm:text-3xl font-bold\">O design da pele \u00e9 feito em estilo futurista. A parte principal do rifle \u00e9 revestida com placas de metal amarelo texturizado. Partes individuais da arma s\u00e3o pintadas de laranja e preto. O design \u00e9 complementado por detalhes na forma de pictogramas e inscri\u00e7\u00f5es. A luneta e as pe\u00e7as pequenas individuais n\u00e3o s\u00e3o pintadas.<\/p>\n","protected":false},"excerpt":{"rendered":"<p>O design da pele \u00e9 feito em estilo futurista. A parte principal do rifle \u00e9 revestida com placas de metal amarelo texturizado. Partes individuais da arma s\u00e3o pintadas de laranja e preto. O design \u00e9 complementado por detalhes na forma de pictogramas e inscri\u00e7\u00f5es. A luneta e as pe\u00e7as pequenas individuais n\u00e3o s\u00e3o pintadas.<\/p>\n","protected":false},"featured_media":3236,"comment_status":"open","ping_status":"closed","template":"","meta":[],"product_brand":[],"product_cat":[192,256],"product_tag":[265],"class_list":{"0":"post-4470","1":"product","2":"type-product","3":"status-publish","4":"has-post-thumbnail","6":"product_cat-espingarda","7":"product_cat-ssg-08-pt-pt","8":"product_tag-confidencial","9":"pa_all-products-skins","11":"first","12":"instock","13":"shipping-taxable","14":"purchasable","15":"product-type-simple"},"_links":{"self":[{"href":"https:\/\/csgo-trade.net\/pt-pt\/wp-json\/wp\/v2\/product\/4470","targetHints":{"allow":["GET"]}}],"collection":[{"href":"https:\/\/csgo-trade.net\/pt-pt\/wp-json\/wp\/v2\/product"}],"about":[{"href":"https:\/\/csgo-trade.net\/pt-pt\/wp-json\/wp\/v2\/types\/product"}],"replies":[{"embeddable":true,"href":"https:\/\/csgo-trade.net\/pt-pt\/wp-json\/wp\/v2\/comments?post=4470"}],"wp:featuredmedia":[{"embeddable":true,"href":"https:\/\/csgo-trade.net\/pt-pt\/wp-json\/wp\/v2\/media\/3236"}],"wp:attachment":[{"href":"https:\/\/csgo-trade.net\/pt-pt\/wp-json\/wp\/v2\/media?parent=4470"}],"wp:term":[{"taxonomy":"product_brand","embeddable":true,"href":"https:\/\/csgo-trade.net\/pt-pt\/wp-json\/wp\/v2\/product_brand?post=4470"},{"taxonomy":"product_cat","embeddable":true,"href":"https:\/\/csgo-trade.net\/pt-pt\/wp-json\/wp\/v2\/product_cat?post=4470"},{"taxonomy":"product_tag","embeddable":true,"href":"https:\/\/csgo-trade.net\/pt-pt\/wp-json\/wp\/v2\/product_tag?post=4470"}],"curies":[{"name":"wp","href":"https:\/\/api.w.org\/{rel}","templated":true}]}}