{"id":4469,"date":"2022-09-21T13:49:20","date_gmt":"2022-09-21T13:49:20","guid":{"rendered":"https:\/\/skinpoint.r-s.space\/shop\/usp-s-kill-confirmed\/"},"modified":"2025-08-21T09:11:03","modified_gmt":"2025-08-21T09:11:03","slug":"usp-s-kill-confirmed","status":"publish","type":"product","link":"https:\/\/csgo-trade.net\/pt-pt\/catalog\/usp-s-kill-confirmed\/","title":{"rendered":"USP-S | Kill Confirmed"},"content":{"rendered":"<p>O corpo da pistola \u00e9 pintado de bord\u00f4 e adornado com a imagem de uma caveira cinza estilha\u00e7ada por uma bala. A bala voadora deixando um rastro de fogo \u00e9 pintada no slide e no silenciador. O desenho \u00e9 complementado por imagens de respingos de sangue e fragmentos de ossos.<\/p>\n","protected":false},"excerpt":{"rendered":"<p>O corpo da pistola \u00e9 pintado de bord\u00f4 e adornado com a imagem de uma caveira cinza estilha\u00e7ada por uma bala. A bala voadora deixando um rastro de fogo \u00e9 pintada no slide e no silenciador. O desenho \u00e9 complementado por imagens de respingos de sangue e fragmentos de ossos.<\/p>\n","protected":false},"featured_media":3227,"comment_status":"open","ping_status":"closed","template":"","meta":[],"product_brand":[],"product_cat":[236,246],"product_tag":[267],"class_list":{"0":"post-4469","1":"product","2":"type-product","3":"status-publish","4":"has-post-thumbnail","6":"product_cat-pistolas","7":"product_cat-usp-s-pt-pt","8":"product_tag-secreto","9":"pa_all-products-skins","11":"first","12":"instock","13":"shipping-taxable","14":"purchasable","15":"product-type-simple"},"_links":{"self":[{"href":"https:\/\/csgo-trade.net\/pt-pt\/wp-json\/wp\/v2\/product\/4469","targetHints":{"allow":["GET"]}}],"collection":[{"href":"https:\/\/csgo-trade.net\/pt-pt\/wp-json\/wp\/v2\/product"}],"about":[{"href":"https:\/\/csgo-trade.net\/pt-pt\/wp-json\/wp\/v2\/types\/product"}],"replies":[{"embeddable":true,"href":"https:\/\/csgo-trade.net\/pt-pt\/wp-json\/wp\/v2\/comments?post=4469"}],"wp:featuredmedia":[{"embeddable":true,"href":"https:\/\/csgo-trade.net\/pt-pt\/wp-json\/wp\/v2\/media\/3227"}],"wp:attachment":[{"href":"https:\/\/csgo-trade.net\/pt-pt\/wp-json\/wp\/v2\/media?parent=4469"}],"wp:term":[{"taxonomy":"product_brand","embeddable":true,"href":"https:\/\/csgo-trade.net\/pt-pt\/wp-json\/wp\/v2\/product_brand?post=4469"},{"taxonomy":"product_cat","embeddable":true,"href":"https:\/\/csgo-trade.net\/pt-pt\/wp-json\/wp\/v2\/product_cat?post=4469"},{"taxonomy":"product_tag","embeddable":true,"href":"https:\/\/csgo-trade.net\/pt-pt\/wp-json\/wp\/v2\/product_tag?post=4469"}],"curies":[{"name":"wp","href":"https:\/\/api.w.org\/{rel}","templated":true}]}}