{"id":4466,"date":"2022-09-21T13:49:21","date_gmt":"2022-09-21T13:49:21","guid":{"rendered":"https:\/\/skinpoint.r-s.space\/shop\/famas-survivor-z\/"},"modified":"2025-08-21T09:10:37","modified_gmt":"2025-08-21T09:10:37","slug":"famas-survivor-z","status":"publish","type":"product","link":"https:\/\/csgo-trade.net\/pt-pt\/catalog\/famas-survivor-z\/","title":{"rendered":"FAMAS | Survivor Z"},"content":{"rendered":"<p>Todo o corpo do rifle \u00e9 pintado de forma desigual em v\u00e1rios tons de cinza e vermelho e adornado com listras vermelhas que lembram fita adesiva. O design da pele \u00e9 complementado por imagens de arranh\u00f5es brancos de tamanhos diferentes.<\/p>\n","protected":false},"excerpt":{"rendered":"<p>Todo o corpo do rifle \u00e9 pintado de forma desigual em v\u00e1rios tons de cinza e vermelho e adornado com listras vermelhas que lembram fita adesiva. O design da pele \u00e9 complementado por imagens de arranh\u00f5es brancos de tamanhos diferentes.<\/p>\n","protected":false},"featured_media":3260,"comment_status":"open","ping_status":"closed","template":"","meta":[],"product_brand":[],"product_cat":[192,249],"product_tag":[194],"class_list":{"0":"post-4466","1":"product","2":"type-product","3":"status-publish","4":"has-post-thumbnail","6":"product_cat-espingarda","7":"product_cat-famas-pt-pt","8":"product_tag-padrao-militar","9":"pa_all-products-skins","11":"first","12":"instock","13":"shipping-taxable","14":"purchasable","15":"product-type-simple"},"_links":{"self":[{"href":"https:\/\/csgo-trade.net\/pt-pt\/wp-json\/wp\/v2\/product\/4466","targetHints":{"allow":["GET"]}}],"collection":[{"href":"https:\/\/csgo-trade.net\/pt-pt\/wp-json\/wp\/v2\/product"}],"about":[{"href":"https:\/\/csgo-trade.net\/pt-pt\/wp-json\/wp\/v2\/types\/product"}],"replies":[{"embeddable":true,"href":"https:\/\/csgo-trade.net\/pt-pt\/wp-json\/wp\/v2\/comments?post=4466"}],"wp:featuredmedia":[{"embeddable":true,"href":"https:\/\/csgo-trade.net\/pt-pt\/wp-json\/wp\/v2\/media\/3260"}],"wp:attachment":[{"href":"https:\/\/csgo-trade.net\/pt-pt\/wp-json\/wp\/v2\/media?parent=4466"}],"wp:term":[{"taxonomy":"product_brand","embeddable":true,"href":"https:\/\/csgo-trade.net\/pt-pt\/wp-json\/wp\/v2\/product_brand?post=4466"},{"taxonomy":"product_cat","embeddable":true,"href":"https:\/\/csgo-trade.net\/pt-pt\/wp-json\/wp\/v2\/product_cat?post=4466"},{"taxonomy":"product_tag","embeddable":true,"href":"https:\/\/csgo-trade.net\/pt-pt\/wp-json\/wp\/v2\/product_tag?post=4466"}],"curies":[{"name":"wp","href":"https:\/\/api.w.org\/{rel}","templated":true}]}}