{"id":4465,"date":"2022-09-21T13:49:21","date_gmt":"2022-09-21T13:49:21","guid":{"rendered":"https:\/\/skinpoint.r-s.space\/shop\/galil-ar-stone-cold\/"},"modified":"2025-08-21T09:10:26","modified_gmt":"2025-08-21T09:10:26","slug":"galil-ar-stone-cold","status":"publish","type":"product","link":"https:\/\/csgo-trade.net\/pt-pt\/catalog\/galil-ar-stone-cold\/","title":{"rendered":"Galil AR | Stone Cold"},"content":{"rendered":"<p>Todo o corpo da metralhadora \u00e9 adornado com um padr\u00e3o geom\u00e9trico de formas e listras de tamanhos diferentes. A parte principal do padr\u00e3o \u00e9 pintada em v\u00e1rios tons de azul, as demais partes s\u00e3o feitas em um esquema de cores cinza. O design da skin \u00e9 complementado por detalhes na forma de v\u00e1rios pictogramas e inscri\u00e7\u00f5es.<\/p>\n","protected":false},"excerpt":{"rendered":"<p>Todo o corpo da metralhadora \u00e9 adornado com um padr\u00e3o geom\u00e9trico de formas e listras de tamanhos diferentes. A parte principal do padr\u00e3o \u00e9 pintada em v\u00e1rios tons de azul, as demais partes s\u00e3o feitas em um esquema de cores cinza. O design da skin \u00e9 complementado por detalhes na forma de v\u00e1rios pictogramas e [&#8230;]\n","protected":false},"featured_media":3245,"comment_status":"open","ping_status":"closed","template":"","meta":[],"product_brand":[],"product_cat":[192,251],"product_tag":[270],"class_list":{"0":"post-4465","1":"product","2":"type-product","3":"status-publish","4":"has-post-thumbnail","6":"product_cat-espingarda","7":"product_cat-galil-ar-pt-pt","8":"product_tag-restrito","9":"pa_all-products-skins","11":"first","12":"instock","13":"shipping-taxable","14":"purchasable","15":"product-type-simple"},"_links":{"self":[{"href":"https:\/\/csgo-trade.net\/pt-pt\/wp-json\/wp\/v2\/product\/4465","targetHints":{"allow":["GET"]}}],"collection":[{"href":"https:\/\/csgo-trade.net\/pt-pt\/wp-json\/wp\/v2\/product"}],"about":[{"href":"https:\/\/csgo-trade.net\/pt-pt\/wp-json\/wp\/v2\/types\/product"}],"replies":[{"embeddable":true,"href":"https:\/\/csgo-trade.net\/pt-pt\/wp-json\/wp\/v2\/comments?post=4465"}],"wp:featuredmedia":[{"embeddable":true,"href":"https:\/\/csgo-trade.net\/pt-pt\/wp-json\/wp\/v2\/media\/3245"}],"wp:attachment":[{"href":"https:\/\/csgo-trade.net\/pt-pt\/wp-json\/wp\/v2\/media?parent=4465"}],"wp:term":[{"taxonomy":"product_brand","embeddable":true,"href":"https:\/\/csgo-trade.net\/pt-pt\/wp-json\/wp\/v2\/product_brand?post=4465"},{"taxonomy":"product_cat","embeddable":true,"href":"https:\/\/csgo-trade.net\/pt-pt\/wp-json\/wp\/v2\/product_cat?post=4465"},{"taxonomy":"product_tag","embeddable":true,"href":"https:\/\/csgo-trade.net\/pt-pt\/wp-json\/wp\/v2\/product_tag?post=4465"}],"curies":[{"name":"wp","href":"https:\/\/api.w.org\/{rel}","templated":true}]}}