{"id":4463,"date":"2022-09-21T13:49:21","date_gmt":"2022-09-21T13:49:21","guid":{"rendered":"https:\/\/skinpoint.r-s.space\/shop\/mp7-special-delivery\/"},"modified":"2025-08-21T09:10:27","modified_gmt":"2025-08-21T09:10:27","slug":"mp7-special-delivery","status":"publish","type":"product","link":"https:\/\/csgo-trade.net\/pt-pt\/catalog\/mp7-special-delivery\/","title":{"rendered":"MP7 | Special Delivery"},"content":{"rendered":"<p>O corpo da metralhadora \u00e9 adornado com um padr\u00e3o de camuflagem de pixel pintado em v\u00e1rios tons de cinza e rosa. O fundo \u00e9 parcialmente adornado com um padr\u00e3o de linhas onduladas cinzentas que lembram um selo postal. Diferentes partes da arma s\u00e3o complementadas por listras diagonais cinza e vermelhas associadas ao design dos envelopes. O receptor \u00e9 adornado com um selo vermelho redondo representando a forma de um contra-terrorista.<\/p>\n","protected":false},"excerpt":{"rendered":"<p>O corpo da metralhadora \u00e9 adornado com um padr\u00e3o de camuflagem de pixel pintado em v\u00e1rios tons de cinza e rosa. O fundo \u00e9 parcialmente adornado com um padr\u00e3o de linhas onduladas cinzentas que lembram um selo postal. Diferentes partes da arma s\u00e3o complementadas por listras diagonais cinza e vermelhas associadas ao design dos envelopes. [&#8230;]\n","protected":false},"featured_media":3248,"comment_status":"open","ping_status":"closed","template":"","meta":[],"product_brand":[],"product_cat":[260,257],"product_tag":[270],"class_list":{"0":"post-4463","1":"product","2":"type-product","3":"status-publish","4":"has-post-thumbnail","6":"product_cat-mp7-pt-pt","7":"product_cat-submetralhadoras","8":"product_tag-restrito","9":"pa_all-products-skins","11":"first","12":"instock","13":"shipping-taxable","14":"purchasable","15":"product-type-simple"},"_links":{"self":[{"href":"https:\/\/csgo-trade.net\/pt-pt\/wp-json\/wp\/v2\/product\/4463","targetHints":{"allow":["GET"]}}],"collection":[{"href":"https:\/\/csgo-trade.net\/pt-pt\/wp-json\/wp\/v2\/product"}],"about":[{"href":"https:\/\/csgo-trade.net\/pt-pt\/wp-json\/wp\/v2\/types\/product"}],"replies":[{"embeddable":true,"href":"https:\/\/csgo-trade.net\/pt-pt\/wp-json\/wp\/v2\/comments?post=4463"}],"wp:featuredmedia":[{"embeddable":true,"href":"https:\/\/csgo-trade.net\/pt-pt\/wp-json\/wp\/v2\/media\/3248"}],"wp:attachment":[{"href":"https:\/\/csgo-trade.net\/pt-pt\/wp-json\/wp\/v2\/media?parent=4463"}],"wp:term":[{"taxonomy":"product_brand","embeddable":true,"href":"https:\/\/csgo-trade.net\/pt-pt\/wp-json\/wp\/v2\/product_brand?post=4463"},{"taxonomy":"product_cat","embeddable":true,"href":"https:\/\/csgo-trade.net\/pt-pt\/wp-json\/wp\/v2\/product_cat?post=4463"},{"taxonomy":"product_tag","embeddable":true,"href":"https:\/\/csgo-trade.net\/pt-pt\/wp-json\/wp\/v2\/product_tag?post=4463"}],"curies":[{"name":"wp","href":"https:\/\/api.w.org\/{rel}","templated":true}]}}