{"id":4462,"date":"2022-09-21T13:49:21","date_gmt":"2022-09-21T13:49:21","guid":{"rendered":"https:\/\/skinpoint.r-s.space\/shop\/glock-18-wraiths\/"},"modified":"2025-08-21T09:10:31","modified_gmt":"2025-08-21T09:10:31","slug":"glock-18-wraiths","status":"publish","type":"product","link":"https:\/\/csgo-trade.net\/pt-pt\/catalog\/glock-18-wraiths\/","title":{"rendered":"Glock-18 | Wraiths"},"content":{"rendered":"<p>O slide \u00e9 gravado com um padr\u00e3o de numerosos rostos fantasmas. As partes restantes da arma s\u00e3o pintadas de cinza s\u00f3lido.<\/p>\n","protected":false},"excerpt":{"rendered":"<p>O slide \u00e9 gravado com um padr\u00e3o de numerosos rostos fantasmas. As partes restantes da arma s\u00e3o pintadas de cinza s\u00f3lido.<\/p>\n","protected":false},"featured_media":3257,"comment_status":"open","ping_status":"closed","template":"","meta":[],"product_brand":[],"product_cat":[241,236],"product_tag":[194],"class_list":{"0":"post-4462","1":"product","2":"type-product","3":"status-publish","4":"has-post-thumbnail","6":"product_cat-glock-18-pt-pt","7":"product_cat-pistolas","8":"product_tag-padrao-militar","9":"pa_all-products-skins","11":"first","12":"instock","13":"shipping-taxable","14":"purchasable","15":"product-type-simple"},"_links":{"self":[{"href":"https:\/\/csgo-trade.net\/pt-pt\/wp-json\/wp\/v2\/product\/4462","targetHints":{"allow":["GET"]}}],"collection":[{"href":"https:\/\/csgo-trade.net\/pt-pt\/wp-json\/wp\/v2\/product"}],"about":[{"href":"https:\/\/csgo-trade.net\/pt-pt\/wp-json\/wp\/v2\/types\/product"}],"replies":[{"embeddable":true,"href":"https:\/\/csgo-trade.net\/pt-pt\/wp-json\/wp\/v2\/comments?post=4462"}],"wp:featuredmedia":[{"embeddable":true,"href":"https:\/\/csgo-trade.net\/pt-pt\/wp-json\/wp\/v2\/media\/3257"}],"wp:attachment":[{"href":"https:\/\/csgo-trade.net\/pt-pt\/wp-json\/wp\/v2\/media?parent=4462"}],"wp:term":[{"taxonomy":"product_brand","embeddable":true,"href":"https:\/\/csgo-trade.net\/pt-pt\/wp-json\/wp\/v2\/product_brand?post=4462"},{"taxonomy":"product_cat","embeddable":true,"href":"https:\/\/csgo-trade.net\/pt-pt\/wp-json\/wp\/v2\/product_cat?post=4462"},{"taxonomy":"product_tag","embeddable":true,"href":"https:\/\/csgo-trade.net\/pt-pt\/wp-json\/wp\/v2\/product_tag?post=4462"}],"curies":[{"name":"wp","href":"https:\/\/api.w.org\/{rel}","templated":true}]}}