{"id":4461,"date":"2022-09-21T13:49:21","date_gmt":"2022-09-21T13:49:21","guid":{"rendered":"https:\/\/skinpoint.r-s.space\/shop\/m249-nebula-crusader\/"},"modified":"2025-08-21T09:10:33","modified_gmt":"2025-08-21T09:10:33","slug":"m249-nebula-crusader","status":"publish","type":"product","link":"https:\/\/csgo-trade.net\/pt-pt\/catalog\/m249-nebula-crusader\/","title":{"rendered":"M249 | Nebula Crusader"},"content":{"rendered":"<p class=\"text-2xl sm:text-3xl font-bold\">O receptor \u00e9 revestido com tinta met\u00e1lica azul escura e adornado com imagens de naves espaciais e elementos da interface do jogo. A revista \u00e9 complementada com a imagem de um astronauta com um planeta vermelho ao fundo e a inscri\u00e7\u00e3o \u201cNebula Crusader\u201d. Partes individuais da arma s\u00e3o pintadas de vermelho s\u00f3lido. A parte de tr\u00e1s da coronha \u00e9 adornada com uma imagem preta de uma estrela com uma \u00f3rbita. A mira traseira e as partes individuais da arma n\u00e3o s\u00e3o pintadas.<\/p>\n","protected":false},"excerpt":{"rendered":"<p>O receptor \u00e9 revestido com tinta met\u00e1lica azul escura e adornado com imagens de naves espaciais e elementos da interface do jogo. A revista \u00e9 complementada com a imagem de um astronauta com um planeta vermelho ao fundo e a inscri\u00e7\u00e3o \u201cNebula Crusader\u201d. Partes individuais da arma s\u00e3o pintadas de vermelho s\u00f3lido. A parte de [&#8230;]\n","protected":false},"featured_media":3251,"comment_status":"open","ping_status":"closed","template":"","meta":[],"product_brand":[],"product_cat":[209,210],"product_tag":[270],"class_list":{"0":"post-4461","1":"product","2":"type-product","3":"status-publish","4":"has-post-thumbnail","6":"product_cat-arma-pesada","7":"product_cat-m249-pt-pt","8":"product_tag-restrito","9":"pa_all-products-skins","11":"first","12":"instock","13":"shipping-taxable","14":"purchasable","15":"product-type-simple"},"_links":{"self":[{"href":"https:\/\/csgo-trade.net\/pt-pt\/wp-json\/wp\/v2\/product\/4461","targetHints":{"allow":["GET"]}}],"collection":[{"href":"https:\/\/csgo-trade.net\/pt-pt\/wp-json\/wp\/v2\/product"}],"about":[{"href":"https:\/\/csgo-trade.net\/pt-pt\/wp-json\/wp\/v2\/types\/product"}],"replies":[{"embeddable":true,"href":"https:\/\/csgo-trade.net\/pt-pt\/wp-json\/wp\/v2\/comments?post=4461"}],"wp:featuredmedia":[{"embeddable":true,"href":"https:\/\/csgo-trade.net\/pt-pt\/wp-json\/wp\/v2\/media\/3251"}],"wp:attachment":[{"href":"https:\/\/csgo-trade.net\/pt-pt\/wp-json\/wp\/v2\/media?parent=4461"}],"wp:term":[{"taxonomy":"product_brand","embeddable":true,"href":"https:\/\/csgo-trade.net\/pt-pt\/wp-json\/wp\/v2\/product_brand?post=4461"},{"taxonomy":"product_cat","embeddable":true,"href":"https:\/\/csgo-trade.net\/pt-pt\/wp-json\/wp\/v2\/product_cat?post=4461"},{"taxonomy":"product_tag","embeddable":true,"href":"https:\/\/csgo-trade.net\/pt-pt\/wp-json\/wp\/v2\/product_tag?post=4461"}],"curies":[{"name":"wp","href":"https:\/\/api.w.org\/{rel}","templated":true}]}}