{"id":4460,"date":"2022-09-21T13:49:21","date_gmt":"2022-09-21T13:49:21","guid":{"rendered":"https:\/\/skinpoint.r-s.space\/shop\/dual-berettas-dualing-dragons\/"},"modified":"2025-08-21T09:10:32","modified_gmt":"2025-08-21T09:10:32","slug":"dual-berettas-dualing-dragons","status":"publish","type":"product","link":"https:\/\/csgo-trade.net\/pt-pt\/catalog\/dual-berettas-dualing-dragons\/","title":{"rendered":"Dual Berettas | Dualing Dragons"},"content":{"rendered":"<p>As persianas das pistolas s\u00e3o revestidas com tinta preta e adornadas com imagens de drag\u00f5es gravadas a laser. As al\u00e7as s\u00e3o decoradas com inser\u00e7\u00f5es de madeira e complementadas com logotipos em forma de drag\u00f5es.<\/p>\n","protected":false},"excerpt":{"rendered":"<p>As persianas das pistolas s\u00e3o revestidas com tinta preta e adornadas com imagens de drag\u00f5es gravadas a laser. As al\u00e7as s\u00e3o decoradas com inser\u00e7\u00f5es de madeira e complementadas com logotipos em forma de drag\u00f5es.<\/p>\n","protected":false},"featured_media":3254,"comment_status":"open","ping_status":"closed","template":"","meta":[],"product_brand":[],"product_cat":[239,236],"product_tag":[194],"class_list":{"0":"post-4460","1":"product","2":"type-product","3":"status-publish","4":"has-post-thumbnail","6":"product_cat-dual-berettas-pt-pt","7":"product_cat-pistolas","8":"product_tag-padrao-militar","9":"pa_all-products-skins","11":"first","12":"instock","13":"shipping-taxable","14":"purchasable","15":"product-type-simple"},"_links":{"self":[{"href":"https:\/\/csgo-trade.net\/pt-pt\/wp-json\/wp\/v2\/product\/4460","targetHints":{"allow":["GET"]}}],"collection":[{"href":"https:\/\/csgo-trade.net\/pt-pt\/wp-json\/wp\/v2\/product"}],"about":[{"href":"https:\/\/csgo-trade.net\/pt-pt\/wp-json\/wp\/v2\/types\/product"}],"replies":[{"embeddable":true,"href":"https:\/\/csgo-trade.net\/pt-pt\/wp-json\/wp\/v2\/comments?post=4460"}],"wp:featuredmedia":[{"embeddable":true,"href":"https:\/\/csgo-trade.net\/pt-pt\/wp-json\/wp\/v2\/media\/3254"}],"wp:attachment":[{"href":"https:\/\/csgo-trade.net\/pt-pt\/wp-json\/wp\/v2\/media?parent=4460"}],"wp:term":[{"taxonomy":"product_brand","embeddable":true,"href":"https:\/\/csgo-trade.net\/pt-pt\/wp-json\/wp\/v2\/product_brand?post=4460"},{"taxonomy":"product_cat","embeddable":true,"href":"https:\/\/csgo-trade.net\/pt-pt\/wp-json\/wp\/v2\/product_cat?post=4460"},{"taxonomy":"product_tag","embeddable":true,"href":"https:\/\/csgo-trade.net\/pt-pt\/wp-json\/wp\/v2\/product_tag?post=4460"}],"curies":[{"name":"wp","href":"https:\/\/api.w.org\/{rel}","templated":true}]}}