{"id":4457,"date":"2022-09-21T13:49:32","date_gmt":"2022-09-21T13:49:32","guid":{"rendered":"https:\/\/skinpoint.r-s.space\/shop\/mag-7-cobalt-core\/"},"modified":"2025-08-21T09:10:25","modified_gmt":"2025-08-21T09:10:25","slug":"mag-7-cobalt-core","status":"publish","type":"product","link":"https:\/\/csgo-trade.net\/pt-pt\/catalog\/mag-7-cobalt-core\/","title":{"rendered":"MAG-7 | Cobalt Core"},"content":{"rendered":"<p>O corpo da arma \u00e9 adornado com um padr\u00e3o geom\u00e9trico abstrato, cujo esquema de cores inclui preto, azul-petr\u00f3leo e v\u00e1rios tons de azul. Partes individuais do corpo s\u00e3o pintadas de azul-petr\u00f3leo s\u00f3lido. A parte traseira do receptor \u00e9 adornada com uma inscri\u00e7\u00e3o bege \u201cMAG-7\u201d. Todo o corpo da arma est\u00e1 ligeiramente desgastado.<\/p>\n","protected":false},"excerpt":{"rendered":"<p>O corpo da arma \u00e9 adornado com um padr\u00e3o geom\u00e9trico abstrato, cujo esquema de cores inclui preto, azul-petr\u00f3leo e v\u00e1rios tons de azul. Partes individuais do corpo s\u00e3o pintadas de azul-petr\u00f3leo s\u00f3lido. A parte traseira do receptor \u00e9 adornada com uma inscri\u00e7\u00e3o bege \u201cMAG-7\u201d. Todo o corpo da arma est\u00e1 ligeiramente desgastado.<\/p>\n","protected":false},"featured_media":3266,"comment_status":"open","ping_status":"closed","template":"","meta":[],"product_brand":[],"product_cat":[209,211],"product_tag":[194],"class_list":{"0":"post-4457","1":"product","2":"type-product","3":"status-publish","4":"has-post-thumbnail","6":"product_cat-arma-pesada","7":"product_cat-mag-7-pt-pt","8":"product_tag-padrao-militar","9":"pa_all-products-skins","11":"first","12":"instock","13":"shipping-taxable","14":"purchasable","15":"product-type-simple"},"_links":{"self":[{"href":"https:\/\/csgo-trade.net\/pt-pt\/wp-json\/wp\/v2\/product\/4457","targetHints":{"allow":["GET"]}}],"collection":[{"href":"https:\/\/csgo-trade.net\/pt-pt\/wp-json\/wp\/v2\/product"}],"about":[{"href":"https:\/\/csgo-trade.net\/pt-pt\/wp-json\/wp\/v2\/types\/product"}],"replies":[{"embeddable":true,"href":"https:\/\/csgo-trade.net\/pt-pt\/wp-json\/wp\/v2\/comments?post=4457"}],"wp:featuredmedia":[{"embeddable":true,"href":"https:\/\/csgo-trade.net\/pt-pt\/wp-json\/wp\/v2\/media\/3266"}],"wp:attachment":[{"href":"https:\/\/csgo-trade.net\/pt-pt\/wp-json\/wp\/v2\/media?parent=4457"}],"wp:term":[{"taxonomy":"product_brand","embeddable":true,"href":"https:\/\/csgo-trade.net\/pt-pt\/wp-json\/wp\/v2\/product_brand?post=4457"},{"taxonomy":"product_cat","embeddable":true,"href":"https:\/\/csgo-trade.net\/pt-pt\/wp-json\/wp\/v2\/product_cat?post=4457"},{"taxonomy":"product_tag","embeddable":true,"href":"https:\/\/csgo-trade.net\/pt-pt\/wp-json\/wp\/v2\/product_tag?post=4457"}],"curies":[{"name":"wp","href":"https:\/\/api.w.org\/{rel}","templated":true}]}}