{"id":4456,"date":"2022-09-21T13:49:22","date_gmt":"2022-09-21T13:49:22","guid":{"rendered":"https:\/\/skinpoint.r-s.space\/shop\/mac-10-rangeen\/"},"modified":"2025-08-21T09:10:28","modified_gmt":"2025-08-21T09:10:28","slug":"mac-10-rangeen","status":"publish","type":"product","link":"https:\/\/csgo-trade.net\/pt-pt\/catalog\/mac-10-rangeen\/","title":{"rendered":"MAC-10 | Rangeen"},"content":{"rendered":"<p>O corpo do SMG \u00e9 pintado de cinza escuro de forma desigual e complementado por uma imagem de um olho cercado por antigos ornamentos eg\u00edpcios. O padr\u00e3o \u00e9 pintado em um esquema de cores bege.<\/p>\n","protected":false},"excerpt":{"rendered":"<p>O corpo do SMG \u00e9 pintado de cinza escuro de forma desigual e complementado por uma imagem de um olho cercado por antigos ornamentos eg\u00edpcios. O padr\u00e3o \u00e9 pintado em um esquema de cores bege.<\/p>\n","protected":false},"featured_media":3263,"comment_status":"open","ping_status":"closed","template":"","meta":[],"product_brand":[],"product_cat":[258,257],"product_tag":[194],"class_list":{"0":"post-4456","1":"product","2":"type-product","3":"status-publish","4":"has-post-thumbnail","6":"product_cat-mac-10-pt-pt","7":"product_cat-submetralhadoras","8":"product_tag-padrao-militar","9":"pa_all-products-skins","11":"first","12":"instock","13":"shipping-taxable","14":"purchasable","15":"product-type-simple"},"_links":{"self":[{"href":"https:\/\/csgo-trade.net\/pt-pt\/wp-json\/wp\/v2\/product\/4456","targetHints":{"allow":["GET"]}}],"collection":[{"href":"https:\/\/csgo-trade.net\/pt-pt\/wp-json\/wp\/v2\/product"}],"about":[{"href":"https:\/\/csgo-trade.net\/pt-pt\/wp-json\/wp\/v2\/types\/product"}],"replies":[{"embeddable":true,"href":"https:\/\/csgo-trade.net\/pt-pt\/wp-json\/wp\/v2\/comments?post=4456"}],"wp:featuredmedia":[{"embeddable":true,"href":"https:\/\/csgo-trade.net\/pt-pt\/wp-json\/wp\/v2\/media\/3263"}],"wp:attachment":[{"href":"https:\/\/csgo-trade.net\/pt-pt\/wp-json\/wp\/v2\/media?parent=4456"}],"wp:term":[{"taxonomy":"product_brand","embeddable":true,"href":"https:\/\/csgo-trade.net\/pt-pt\/wp-json\/wp\/v2\/product_brand?post=4456"},{"taxonomy":"product_cat","embeddable":true,"href":"https:\/\/csgo-trade.net\/pt-pt\/wp-json\/wp\/v2\/product_cat?post=4456"},{"taxonomy":"product_tag","embeddable":true,"href":"https:\/\/csgo-trade.net\/pt-pt\/wp-json\/wp\/v2\/product_tag?post=4456"}],"curies":[{"name":"wp","href":"https:\/\/api.w.org\/{rel}","templated":true}]}}