{"id":4455,"date":"2022-09-21T13:49:21","date_gmt":"2022-09-21T13:49:21","guid":{"rendered":"https:\/\/skinpoint.r-s.space\/shop\/p250-wingshot\/"},"modified":"2025-08-21T09:10:37","modified_gmt":"2025-08-21T09:10:37","slug":"p250-wingshot","status":"publish","type":"product","link":"https:\/\/csgo-trade.net\/pt-pt\/catalog\/p250-wingshot\/","title":{"rendered":"P250 | Wingshot"},"content":{"rendered":"<p class=\"text-2xl sm:text-3xl font-bold\">O slide da pistola \u00e9 pintado de branco e complementado por um padr\u00e3o pontilhado amarelo. As partes restantes do corpo da pistola s\u00e3o adornadas com um padr\u00e3o abstrato de linhas onduladas pretas, amarelas e cinzas. A al\u00e7a \u00e9 adornada com a imagem de uma caveira branca. Pequenas partes individuais da arma s\u00e3o pintadas de amarelo.<\/p>\n","protected":false},"excerpt":{"rendered":"<p>O slide da pistola \u00e9 pintado de branco e complementado por um padr\u00e3o pontilhado amarelo. As partes restantes do corpo da pistola s\u00e3o adornadas com um padr\u00e3o abstrato de linhas onduladas pretas, amarelas e cinzas. A al\u00e7a \u00e9 adornada com a imagem de uma caveira branca. Pequenas partes individuais da arma s\u00e3o pintadas de amarelo.<\/p>\n","protected":false},"featured_media":3242,"comment_status":"open","ping_status":"closed","template":"","meta":[],"product_brand":[],"product_cat":[243,236],"product_tag":[270],"class_list":{"0":"post-4455","1":"product","2":"type-product","3":"status-publish","4":"has-post-thumbnail","6":"product_cat-p250-pt-pt","7":"product_cat-pistolas","8":"product_tag-restrito","9":"pa_all-products-skins","11":"first","12":"instock","13":"shipping-taxable","14":"purchasable","15":"product-type-simple"},"_links":{"self":[{"href":"https:\/\/csgo-trade.net\/pt-pt\/wp-json\/wp\/v2\/product\/4455","targetHints":{"allow":["GET"]}}],"collection":[{"href":"https:\/\/csgo-trade.net\/pt-pt\/wp-json\/wp\/v2\/product"}],"about":[{"href":"https:\/\/csgo-trade.net\/pt-pt\/wp-json\/wp\/v2\/types\/product"}],"replies":[{"embeddable":true,"href":"https:\/\/csgo-trade.net\/pt-pt\/wp-json\/wp\/v2\/comments?post=4455"}],"wp:featuredmedia":[{"embeddable":true,"href":"https:\/\/csgo-trade.net\/pt-pt\/wp-json\/wp\/v2\/media\/3242"}],"wp:attachment":[{"href":"https:\/\/csgo-trade.net\/pt-pt\/wp-json\/wp\/v2\/media?parent=4455"}],"wp:term":[{"taxonomy":"product_brand","embeddable":true,"href":"https:\/\/csgo-trade.net\/pt-pt\/wp-json\/wp\/v2\/product_brand?post=4455"},{"taxonomy":"product_cat","embeddable":true,"href":"https:\/\/csgo-trade.net\/pt-pt\/wp-json\/wp\/v2\/product_cat?post=4455"},{"taxonomy":"product_tag","embeddable":true,"href":"https:\/\/csgo-trade.net\/pt-pt\/wp-json\/wp\/v2\/product_tag?post=4455"}],"curies":[{"name":"wp","href":"https:\/\/api.w.org\/{rel}","templated":true}]}}