{"id":4453,"date":"2022-09-21T13:49:33","date_gmt":"2022-09-21T13:49:33","guid":{"rendered":"https:\/\/skinpoint.r-s.space\/shop\/m4a4-the-emperor\/"},"modified":"2025-08-21T09:09:59","modified_gmt":"2025-08-21T09:09:59","slug":"m4a4-the-emperor","status":"publish","type":"product","link":"https:\/\/csgo-trade.net\/pt-pt\/catalog\/m4a4-the-emperor\/","title":{"rendered":"M4A4 | The Emperor"},"content":{"rendered":"<p>O corpo do rifle \u00e9 pintado em v\u00e1rios tons de azul. A parte central da arma \u00e9 ocupada skin imagem de um homem de cabelos grisalhos com uma coroa e um cetro de ouro. A imagem \u00e9 cercada por um padr\u00e3o circular semelhante aos raios solares. A revista \u00e9 enfeitada com a imagem de um melro com uma coroa na cabe\u00e7a. O desenho da skin \u00e9 complementado por um grande n\u00famero de pequenas imagens como bandeiras, bras\u00f5es, formas geom\u00e9tricas coloridas, bem como o n\u00famero latino IV simbolizando o n\u00famero da carta no baralho de Tar\u00f4. Uma parte da coronha \u00e9 adornada com um padr\u00e3o de ouro abstrato.<\/p>\n","protected":false},"excerpt":{"rendered":"<p>O corpo do rifle \u00e9 pintado em v\u00e1rios tons de azul. A parte central da arma \u00e9 ocupada skin imagem de um homem de cabelos grisalhos com uma coroa e um cetro de ouro. A imagem \u00e9 cercada por um padr\u00e3o circular semelhante aos raios solares. A revista \u00e9 enfeitada com a imagem de um [&#8230;]\n","protected":false},"featured_media":3276,"comment_status":"open","ping_status":"closed","template":"","meta":[],"product_brand":[],"product_cat":[192,253],"product_tag":[267],"class_list":{"0":"post-4453","1":"product","2":"type-product","3":"status-publish","4":"has-post-thumbnail","6":"product_cat-espingarda","7":"product_cat-m4a4-pt-pt","8":"product_tag-secreto","9":"pa_all-products-skins","11":"first","12":"instock","13":"shipping-taxable","14":"purchasable","15":"product-type-simple"},"_links":{"self":[{"href":"https:\/\/csgo-trade.net\/pt-pt\/wp-json\/wp\/v2\/product\/4453","targetHints":{"allow":["GET"]}}],"collection":[{"href":"https:\/\/csgo-trade.net\/pt-pt\/wp-json\/wp\/v2\/product"}],"about":[{"href":"https:\/\/csgo-trade.net\/pt-pt\/wp-json\/wp\/v2\/types\/product"}],"replies":[{"embeddable":true,"href":"https:\/\/csgo-trade.net\/pt-pt\/wp-json\/wp\/v2\/comments?post=4453"}],"wp:featuredmedia":[{"embeddable":true,"href":"https:\/\/csgo-trade.net\/pt-pt\/wp-json\/wp\/v2\/media\/3276"}],"wp:attachment":[{"href":"https:\/\/csgo-trade.net\/pt-pt\/wp-json\/wp\/v2\/media?parent=4453"}],"wp:term":[{"taxonomy":"product_brand","embeddable":true,"href":"https:\/\/csgo-trade.net\/pt-pt\/wp-json\/wp\/v2\/product_brand?post=4453"},{"taxonomy":"product_cat","embeddable":true,"href":"https:\/\/csgo-trade.net\/pt-pt\/wp-json\/wp\/v2\/product_cat?post=4453"},{"taxonomy":"product_tag","embeddable":true,"href":"https:\/\/csgo-trade.net\/pt-pt\/wp-json\/wp\/v2\/product_tag?post=4453"}],"curies":[{"name":"wp","href":"https:\/\/api.w.org\/{rel}","templated":true}]}}