{"id":4452,"date":"2022-09-21T13:49:33","date_gmt":"2022-09-21T13:49:33","guid":{"rendered":"https:\/\/skinpoint.r-s.space\/shop\/five-seven-angry-mob\/"},"modified":"2025-08-21T09:09:59","modified_gmt":"2025-08-21T09:09:59","slug":"five-seven-angry-mob","status":"publish","type":"product","link":"https:\/\/csgo-trade.net\/pt-pt\/catalog\/five-seven-angry-mob\/","title":{"rendered":"Five-SeveN | Angry Mob"},"content":{"rendered":"<p>Todo o corpo da pistola \u00e9 adornado com uma imagem multicolorida pintada no estilo street art. A al\u00e7a e a parte de tr\u00e1s do slide s\u00e3o adornadas com imagens de criaturas extravagantes com a boca aberta. O design \u00e9 complementado por imagens de raios brancos pintados em um fundo azul-alaranjado.<\/p>\n","protected":false},"excerpt":{"rendered":"<p>Todo o corpo da pistola \u00e9 adornado com uma imagem multicolorida pintada no estilo street art. A al\u00e7a e a parte de tr\u00e1s do slide s\u00e3o adornadas com imagens de criaturas extravagantes com a boca aberta. O design \u00e9 complementado por imagens de raios brancos pintados em um fundo azul-alaranjado.<\/p>\n","protected":false},"featured_media":3279,"comment_status":"open","ping_status":"closed","template":"","meta":[],"product_brand":[],"product_cat":[240,236],"product_tag":[267],"class_list":{"0":"post-4452","1":"product","2":"type-product","3":"status-publish","4":"has-post-thumbnail","6":"product_cat-five-seven-pt-pt","7":"product_cat-pistolas","8":"product_tag-secreto","9":"pa_all-products-skins","11":"first","12":"instock","13":"shipping-taxable","14":"purchasable","15":"product-type-simple"},"_links":{"self":[{"href":"https:\/\/csgo-trade.net\/pt-pt\/wp-json\/wp\/v2\/product\/4452","targetHints":{"allow":["GET"]}}],"collection":[{"href":"https:\/\/csgo-trade.net\/pt-pt\/wp-json\/wp\/v2\/product"}],"about":[{"href":"https:\/\/csgo-trade.net\/pt-pt\/wp-json\/wp\/v2\/types\/product"}],"replies":[{"embeddable":true,"href":"https:\/\/csgo-trade.net\/pt-pt\/wp-json\/wp\/v2\/comments?post=4452"}],"wp:featuredmedia":[{"embeddable":true,"href":"https:\/\/csgo-trade.net\/pt-pt\/wp-json\/wp\/v2\/media\/3279"}],"wp:attachment":[{"href":"https:\/\/csgo-trade.net\/pt-pt\/wp-json\/wp\/v2\/media?parent=4452"}],"wp:term":[{"taxonomy":"product_brand","embeddable":true,"href":"https:\/\/csgo-trade.net\/pt-pt\/wp-json\/wp\/v2\/product_brand?post=4452"},{"taxonomy":"product_cat","embeddable":true,"href":"https:\/\/csgo-trade.net\/pt-pt\/wp-json\/wp\/v2\/product_cat?post=4452"},{"taxonomy":"product_tag","embeddable":true,"href":"https:\/\/csgo-trade.net\/pt-pt\/wp-json\/wp\/v2\/product_tag?post=4452"}],"curies":[{"name":"wp","href":"https:\/\/api.w.org\/{rel}","templated":true}]}}