{"id":4449,"date":"2022-09-21T13:49:33","date_gmt":"2022-09-21T13:49:33","guid":{"rendered":"https:\/\/skinpoint.r-s.space\/shop\/scar-20-green-marine\/"},"modified":"2025-08-21T09:09:54","modified_gmt":"2025-08-21T09:09:54","slug":"scar-20-green-marine","status":"publish","type":"product","link":"https:\/\/csgo-trade.net\/pt-pt\/catalog\/scar-20-green-marine\/","title":{"rendered":"SCAR-20 | Green Marine"},"content":{"rendered":"<p>A parte principal do rifle \u00e9 pintada com tinta met\u00e1lica verde escura e adornada com um padr\u00e3o abstrato que lembra camuflagem. A coronha \u00e9 pintada de preto s\u00f3lido e complementada por uma almofada verde perfurada. A mira, o cabo, o cano e as pequenas partes individuais da arma n\u00e3o s\u00e3o pintadas.<\/p>\n","protected":false},"excerpt":{"rendered":"<p>A parte principal do rifle \u00e9 pintada com tinta met\u00e1lica verde escura e adornada com um padr\u00e3o abstrato que lembra camuflagem. A coronha \u00e9 pintada de preto s\u00f3lido e complementada por uma almofada verde perfurada. A mira, o cabo, o cano e as pequenas partes individuais da arma n\u00e3o s\u00e3o pintadas.<\/p>\n","protected":false},"featured_media":3272,"comment_status":"open","ping_status":"closed","template":"","meta":[],"product_brand":[],"product_cat":[192,254],"product_tag":[194],"class_list":{"0":"post-4449","1":"product","2":"type-product","3":"status-publish","4":"has-post-thumbnail","6":"product_cat-espingarda","7":"product_cat-scar-20-pt-pt","8":"product_tag-padrao-militar","9":"pa_all-products-skins","11":"first","12":"instock","13":"shipping-taxable","14":"purchasable","15":"product-type-simple"},"_links":{"self":[{"href":"https:\/\/csgo-trade.net\/pt-pt\/wp-json\/wp\/v2\/product\/4449","targetHints":{"allow":["GET"]}}],"collection":[{"href":"https:\/\/csgo-trade.net\/pt-pt\/wp-json\/wp\/v2\/product"}],"about":[{"href":"https:\/\/csgo-trade.net\/pt-pt\/wp-json\/wp\/v2\/types\/product"}],"replies":[{"embeddable":true,"href":"https:\/\/csgo-trade.net\/pt-pt\/wp-json\/wp\/v2\/comments?post=4449"}],"wp:featuredmedia":[{"embeddable":true,"href":"https:\/\/csgo-trade.net\/pt-pt\/wp-json\/wp\/v2\/media\/3272"}],"wp:attachment":[{"href":"https:\/\/csgo-trade.net\/pt-pt\/wp-json\/wp\/v2\/media?parent=4449"}],"wp:term":[{"taxonomy":"product_brand","embeddable":true,"href":"https:\/\/csgo-trade.net\/pt-pt\/wp-json\/wp\/v2\/product_brand?post=4449"},{"taxonomy":"product_cat","embeddable":true,"href":"https:\/\/csgo-trade.net\/pt-pt\/wp-json\/wp\/v2\/product_cat?post=4449"},{"taxonomy":"product_tag","embeddable":true,"href":"https:\/\/csgo-trade.net\/pt-pt\/wp-json\/wp\/v2\/product_tag?post=4449"}],"curies":[{"name":"wp","href":"https:\/\/api.w.org\/{rel}","templated":true}]}}