{"id":4448,"date":"2022-09-21T13:49:34","date_gmt":"2022-09-21T13:49:34","guid":{"rendered":"https:\/\/skinpoint.r-s.space\/shop\/desert-eagle-light-rail\/"},"modified":"2025-08-21T09:09:54","modified_gmt":"2025-08-21T09:09:54","slug":"desert-eagle-light-rail","status":"publish","type":"product","link":"https:\/\/csgo-trade.net\/pt-pt\/catalog\/desert-eagle-light-rail\/","title":{"rendered":"Desert Eagle | Light Rail"},"content":{"rendered":"<p>O slide \u00e9 pintado com tintas met\u00e1licas criando transi\u00e7\u00f5es de gradiente. O esquema de cores da pele usa tons de ouro, cobre e prata. A al\u00e7a \u00e9 pintada de cinza.<\/p>\n","protected":false},"excerpt":{"rendered":"<p>O slide \u00e9 pintado com tintas met\u00e1licas criando transi\u00e7\u00f5es de gradiente. O esquema de cores da pele usa tons de ouro, cobre e prata. A al\u00e7a \u00e9 pintada de cinza.<\/p>\n","protected":false},"featured_media":3294,"comment_status":"open","ping_status":"closed","template":"","meta":[],"product_brand":[],"product_cat":[238,236],"product_tag":[270],"class_list":{"0":"post-4448","1":"product","2":"type-product","3":"status-publish","4":"has-post-thumbnail","6":"product_cat-desert-eagle-pt-pt","7":"product_cat-pistolas","8":"product_tag-restrito","9":"pa_all-products-skins","11":"first","12":"instock","13":"shipping-taxable","14":"purchasable","15":"product-type-simple"},"_links":{"self":[{"href":"https:\/\/csgo-trade.net\/pt-pt\/wp-json\/wp\/v2\/product\/4448","targetHints":{"allow":["GET"]}}],"collection":[{"href":"https:\/\/csgo-trade.net\/pt-pt\/wp-json\/wp\/v2\/product"}],"about":[{"href":"https:\/\/csgo-trade.net\/pt-pt\/wp-json\/wp\/v2\/types\/product"}],"replies":[{"embeddable":true,"href":"https:\/\/csgo-trade.net\/pt-pt\/wp-json\/wp\/v2\/comments?post=4448"}],"wp:featuredmedia":[{"embeddable":true,"href":"https:\/\/csgo-trade.net\/pt-pt\/wp-json\/wp\/v2\/media\/3294"}],"wp:attachment":[{"href":"https:\/\/csgo-trade.net\/pt-pt\/wp-json\/wp\/v2\/media?parent=4448"}],"wp:term":[{"taxonomy":"product_brand","embeddable":true,"href":"https:\/\/csgo-trade.net\/pt-pt\/wp-json\/wp\/v2\/product_brand?post=4448"},{"taxonomy":"product_cat","embeddable":true,"href":"https:\/\/csgo-trade.net\/pt-pt\/wp-json\/wp\/v2\/product_cat?post=4448"},{"taxonomy":"product_tag","embeddable":true,"href":"https:\/\/csgo-trade.net\/pt-pt\/wp-json\/wp\/v2\/product_tag?post=4448"}],"curies":[{"name":"wp","href":"https:\/\/api.w.org\/{rel}","templated":true}]}}