{"id":4446,"date":"2022-09-21T13:49:34","date_gmt":"2022-09-21T13:49:34","guid":{"rendered":"https:\/\/skinpoint.r-s.space\/shop\/r8-revolver-skull-crusher\/"},"modified":"2023-04-25T18:40:09","modified_gmt":"2023-04-25T18:40:09","slug":"r8-revolver-skull-crusher","status":"publish","type":"product","link":"https:\/\/csgo-trade.net\/pt-pt\/catalog\/r8-revolver-skull-crusher\/","title":{"rendered":"R8 Revolver | Skull Crusher"},"content":{"rendered":"<p>O corpo da pistola \u00e9 pintado \u00e0 m\u00e3o com pinceladas \u00e1speras e salpicos de tinta. O padr\u00e3o \u00e9 pintado em um esquema de cores amarelo-preto e complementado por detalhes em branco. O tambor \u00e9 adornado com imagens de chamas.<\/p>\n","protected":false},"excerpt":{"rendered":"<p>O corpo da pistola \u00e9 pintado \u00e0 m\u00e3o com pinceladas \u00e1speras e salpicos de tinta. O padr\u00e3o \u00e9 pintado em um esquema de cores amarelo-preto e complementado por detalhes em branco. O tambor \u00e9 adornado com imagens de chamas.<\/p>\n","protected":false},"featured_media":3288,"comment_status":"open","ping_status":"closed","template":"","meta":[],"product_brand":[],"product_cat":[236,244],"product_tag":[265],"class_list":{"0":"post-4446","1":"product","2":"type-product","3":"status-publish","4":"has-post-thumbnail","6":"product_cat-pistolas","7":"product_cat-r8-revolver-pt-pt","8":"product_tag-confidencial","9":"pa_all-products-skins","11":"first","12":"instock","13":"shipping-taxable","14":"purchasable","15":"product-type-simple"},"_links":{"self":[{"href":"https:\/\/csgo-trade.net\/pt-pt\/wp-json\/wp\/v2\/product\/4446","targetHints":{"allow":["GET"]}}],"collection":[{"href":"https:\/\/csgo-trade.net\/pt-pt\/wp-json\/wp\/v2\/product"}],"about":[{"href":"https:\/\/csgo-trade.net\/pt-pt\/wp-json\/wp\/v2\/types\/product"}],"replies":[{"embeddable":true,"href":"https:\/\/csgo-trade.net\/pt-pt\/wp-json\/wp\/v2\/comments?post=4446"}],"wp:featuredmedia":[{"embeddable":true,"href":"https:\/\/csgo-trade.net\/pt-pt\/wp-json\/wp\/v2\/media\/3288"}],"wp:attachment":[{"href":"https:\/\/csgo-trade.net\/pt-pt\/wp-json\/wp\/v2\/media?parent=4446"}],"wp:term":[{"taxonomy":"product_brand","embeddable":true,"href":"https:\/\/csgo-trade.net\/pt-pt\/wp-json\/wp\/v2\/product_brand?post=4446"},{"taxonomy":"product_cat","embeddable":true,"href":"https:\/\/csgo-trade.net\/pt-pt\/wp-json\/wp\/v2\/product_cat?post=4446"},{"taxonomy":"product_tag","embeddable":true,"href":"https:\/\/csgo-trade.net\/pt-pt\/wp-json\/wp\/v2\/product_tag?post=4446"}],"curies":[{"name":"wp","href":"https:\/\/api.w.org\/{rel}","templated":true}]}}