{"id":4443,"date":"2022-09-21T13:49:34","date_gmt":"2022-09-21T13:49:34","guid":{"rendered":"https:\/\/skinpoint.r-s.space\/shop\/aug-momentum\/"},"modified":"2025-08-21T09:09:56","modified_gmt":"2025-08-21T09:09:56","slug":"aug-momentum","status":"publish","type":"product","link":"https:\/\/csgo-trade.net\/pt-pt\/catalog\/aug-momentum\/","title":{"rendered":"AUG | Momentum"},"content":{"rendered":"<p>O corpo do rifle \u00e9 adornado com um padr\u00e3o de luz verde-azulado e setas rosa localizadas na coronha. Partes individuais da arma, como as al\u00e7as, o cano e o carregador, s\u00e3o pintadas com um gradiente rosa-petr\u00f3leo. O escopo permanece sem pintura.<\/p>\n","protected":false},"excerpt":{"rendered":"<p>O corpo do rifle \u00e9 adornado com um padr\u00e3o de luz verde-azulado e setas rosa localizadas na coronha. Partes individuais da arma, como as al\u00e7as, o cano e o carregador, s\u00e3o pintadas com um gradiente rosa-petr\u00f3leo. O escopo permanece sem pintura.<\/p>\n","protected":false},"featured_media":3282,"comment_status":"open","ping_status":"closed","template":"","meta":[],"product_brand":[],"product_cat":[193,192],"product_tag":[265],"class_list":{"0":"post-4443","1":"product","2":"type-product","3":"status-publish","4":"has-post-thumbnail","6":"product_cat-aug-pt-pt","7":"product_cat-espingarda","8":"product_tag-confidencial","9":"pa_all-products-skins","11":"first","12":"instock","13":"shipping-taxable","14":"purchasable","15":"product-type-simple"},"_links":{"self":[{"href":"https:\/\/csgo-trade.net\/pt-pt\/wp-json\/wp\/v2\/product\/4443","targetHints":{"allow":["GET"]}}],"collection":[{"href":"https:\/\/csgo-trade.net\/pt-pt\/wp-json\/wp\/v2\/product"}],"about":[{"href":"https:\/\/csgo-trade.net\/pt-pt\/wp-json\/wp\/v2\/types\/product"}],"replies":[{"embeddable":true,"href":"https:\/\/csgo-trade.net\/pt-pt\/wp-json\/wp\/v2\/comments?post=4443"}],"wp:featuredmedia":[{"embeddable":true,"href":"https:\/\/csgo-trade.net\/pt-pt\/wp-json\/wp\/v2\/media\/3282"}],"wp:attachment":[{"href":"https:\/\/csgo-trade.net\/pt-pt\/wp-json\/wp\/v2\/media?parent=4443"}],"wp:term":[{"taxonomy":"product_brand","embeddable":true,"href":"https:\/\/csgo-trade.net\/pt-pt\/wp-json\/wp\/v2\/product_brand?post=4443"},{"taxonomy":"product_cat","embeddable":true,"href":"https:\/\/csgo-trade.net\/pt-pt\/wp-json\/wp\/v2\/product_cat?post=4443"},{"taxonomy":"product_tag","embeddable":true,"href":"https:\/\/csgo-trade.net\/pt-pt\/wp-json\/wp\/v2\/product_tag?post=4443"}],"curies":[{"name":"wp","href":"https:\/\/api.w.org\/{rel}","templated":true}]}}