{"id":4437,"date":"2022-09-21T13:49:36","date_gmt":"2022-09-21T13:49:36","guid":{"rendered":"https:\/\/skinpoint.r-s.space\/shop\/mp7-mischief\/"},"modified":"2025-08-21T09:09:53","modified_gmt":"2025-08-21T09:09:53","slug":"mp7-mischief","status":"publish","type":"product","link":"https:\/\/csgo-trade.net\/pt-pt\/catalog\/mp7-mischief\/","title":{"rendered":"MP7 | Mischief"},"content":{"rendered":"<p>O receptor e o carregador s\u00e3o pintados de maneira desigual em vermelho escuro. O receptor \u00e9 adornado com uma imagem em preto e branco que lembra um sorriso de animal pintado com pinceladas. O barril \u00e9 pintado com um gradiente roxo-prateado. As al\u00e7as, a coronha e partes individuais do corpo n\u00e3o s\u00e3o pintadas.<\/p>\n","protected":false},"excerpt":{"rendered":"<p>O receptor e o carregador s\u00e3o pintados de maneira desigual em vermelho escuro. O receptor \u00e9 adornado com uma imagem em preto e branco que lembra um sorriso de animal pintado com pinceladas. O barril \u00e9 pintado com um gradiente roxo-prateado. As al\u00e7as, a coronha e partes individuais do corpo n\u00e3o s\u00e3o pintadas.<\/p>\n","protected":false},"featured_media":3321,"comment_status":"open","ping_status":"closed","template":"","meta":[],"product_brand":[],"product_cat":[260,257],"product_tag":[194],"class_list":{"0":"post-4437","1":"product","2":"type-product","3":"status-publish","4":"has-post-thumbnail","6":"product_cat-mp7-pt-pt","7":"product_cat-submetralhadoras","8":"product_tag-padrao-militar","9":"pa_all-products-skins","11":"first","12":"instock","13":"shipping-taxable","14":"purchasable","15":"product-type-simple"},"_links":{"self":[{"href":"https:\/\/csgo-trade.net\/pt-pt\/wp-json\/wp\/v2\/product\/4437","targetHints":{"allow":["GET"]}}],"collection":[{"href":"https:\/\/csgo-trade.net\/pt-pt\/wp-json\/wp\/v2\/product"}],"about":[{"href":"https:\/\/csgo-trade.net\/pt-pt\/wp-json\/wp\/v2\/types\/product"}],"replies":[{"embeddable":true,"href":"https:\/\/csgo-trade.net\/pt-pt\/wp-json\/wp\/v2\/comments?post=4437"}],"wp:featuredmedia":[{"embeddable":true,"href":"https:\/\/csgo-trade.net\/pt-pt\/wp-json\/wp\/v2\/media\/3321"}],"wp:attachment":[{"href":"https:\/\/csgo-trade.net\/pt-pt\/wp-json\/wp\/v2\/media?parent=4437"}],"wp:term":[{"taxonomy":"product_brand","embeddable":true,"href":"https:\/\/csgo-trade.net\/pt-pt\/wp-json\/wp\/v2\/product_brand?post=4437"},{"taxonomy":"product_cat","embeddable":true,"href":"https:\/\/csgo-trade.net\/pt-pt\/wp-json\/wp\/v2\/product_cat?post=4437"},{"taxonomy":"product_tag","embeddable":true,"href":"https:\/\/csgo-trade.net\/pt-pt\/wp-json\/wp\/v2\/product_tag?post=4437"}],"curies":[{"name":"wp","href":"https:\/\/api.w.org\/{rel}","templated":true}]}}