{"id":4434,"date":"2022-09-21T13:49:35","date_gmt":"2022-09-21T13:49:35","guid":{"rendered":"https:\/\/skinpoint.r-s.space\/shop\/mp5-sd-gauss\/"},"modified":"2025-08-21T09:09:27","modified_gmt":"2025-08-21T09:09:27","slug":"mp5-sd-gauss","status":"publish","type":"product","link":"https:\/\/csgo-trade.net\/pt-pt\/catalog\/mp5-sd-gauss\/","title":{"rendered":"MP5-SD | Gauss"},"content":{"rendered":"<p>O corpo da submetralhadora \u00e9 revestido com placas de metal estampadas texturizadas, que s\u00e3o parcialmente complementadas por perfura\u00e7\u00e3o. O esquema de cores da skin inclui v\u00e1rios tons de cinza. As inser\u00e7\u00f5es na al\u00e7a, o carregador e a parte de tr\u00e1s da coronha s\u00e3o revestidas com tinta cobre.<\/p>\n","protected":false},"excerpt":{"rendered":"<p>O corpo da submetralhadora \u00e9 revestido com placas de metal estampadas texturizadas, que s\u00e3o parcialmente complementadas por perfura\u00e7\u00e3o. O esquema de cores da skin inclui v\u00e1rios tons de cinza. As inser\u00e7\u00f5es na al\u00e7a, o carregador e a parte de tr\u00e1s da coronha s\u00e3o revestidas com tinta cobre.<\/p>\n","protected":false},"featured_media":3303,"comment_status":"open","ping_status":"closed","template":"","meta":[],"product_brand":[],"product_cat":[259,257],"product_tag":[270],"class_list":{"0":"post-4434","1":"product","2":"type-product","3":"status-publish","4":"has-post-thumbnail","6":"product_cat-mp5-sd-pt-pt","7":"product_cat-submetralhadoras","8":"product_tag-restrito","9":"pa_all-products-skins","11":"first","12":"instock","13":"shipping-taxable","14":"purchasable","15":"product-type-simple"},"_links":{"self":[{"href":"https:\/\/csgo-trade.net\/pt-pt\/wp-json\/wp\/v2\/product\/4434","targetHints":{"allow":["GET"]}}],"collection":[{"href":"https:\/\/csgo-trade.net\/pt-pt\/wp-json\/wp\/v2\/product"}],"about":[{"href":"https:\/\/csgo-trade.net\/pt-pt\/wp-json\/wp\/v2\/types\/product"}],"replies":[{"embeddable":true,"href":"https:\/\/csgo-trade.net\/pt-pt\/wp-json\/wp\/v2\/comments?post=4434"}],"wp:featuredmedia":[{"embeddable":true,"href":"https:\/\/csgo-trade.net\/pt-pt\/wp-json\/wp\/v2\/media\/3303"}],"wp:attachment":[{"href":"https:\/\/csgo-trade.net\/pt-pt\/wp-json\/wp\/v2\/media?parent=4434"}],"wp:term":[{"taxonomy":"product_brand","embeddable":true,"href":"https:\/\/csgo-trade.net\/pt-pt\/wp-json\/wp\/v2\/product_brand?post=4434"},{"taxonomy":"product_cat","embeddable":true,"href":"https:\/\/csgo-trade.net\/pt-pt\/wp-json\/wp\/v2\/product_cat?post=4434"},{"taxonomy":"product_tag","embeddable":true,"href":"https:\/\/csgo-trade.net\/pt-pt\/wp-json\/wp\/v2\/product_tag?post=4434"}],"curies":[{"name":"wp","href":"https:\/\/api.w.org\/{rel}","templated":true}]}}