{"id":4433,"date":"2022-09-21T13:49:35","date_gmt":"2022-09-21T13:49:35","guid":{"rendered":"https:\/\/skinpoint.r-s.space\/shop\/ak-47-uncharted\/"},"modified":"2025-08-21T09:09:21","modified_gmt":"2025-08-21T09:09:21","slug":"ak-47-uncharted","status":"publish","type":"product","link":"https:\/\/csgo-trade.net\/pt-pt\/catalog\/ak-47-uncharted\/","title":{"rendered":"AK-47 | Uncharted"},"content":{"rendered":"<p>A parte central do rifle \u00e9 pintada de marrom e adornada com um padr\u00e3o \u00e9tnico preto, feito no estilo tradicional maia. O protetor de m\u00e3o e a coronha s\u00e3o feitos de madeira e adornados com entalhes no mesmo estilo.<\/p>\n","protected":false},"excerpt":{"rendered":"<p>A parte central do rifle \u00e9 pintada de marrom e adornada com um padr\u00e3o \u00e9tnico preto, feito no estilo tradicional maia. O protetor de m\u00e3o e a coronha s\u00e3o feitos de madeira e adornados com entalhes no mesmo estilo.<\/p>\n","protected":false},"featured_media":3306,"comment_status":"open","ping_status":"closed","template":"","meta":[],"product_brand":[],"product_cat":[247,192],"product_tag":[194],"class_list":{"0":"post-4433","1":"product","2":"type-product","3":"status-publish","4":"has-post-thumbnail","6":"product_cat-ak-47-pt-pt","7":"product_cat-espingarda","8":"product_tag-padrao-militar","9":"pa_all-products-skins","11":"first","12":"instock","13":"shipping-taxable","14":"purchasable","15":"product-type-simple"},"_links":{"self":[{"href":"https:\/\/csgo-trade.net\/pt-pt\/wp-json\/wp\/v2\/product\/4433","targetHints":{"allow":["GET"]}}],"collection":[{"href":"https:\/\/csgo-trade.net\/pt-pt\/wp-json\/wp\/v2\/product"}],"about":[{"href":"https:\/\/csgo-trade.net\/pt-pt\/wp-json\/wp\/v2\/types\/product"}],"replies":[{"embeddable":true,"href":"https:\/\/csgo-trade.net\/pt-pt\/wp-json\/wp\/v2\/comments?post=4433"}],"wp:featuredmedia":[{"embeddable":true,"href":"https:\/\/csgo-trade.net\/pt-pt\/wp-json\/wp\/v2\/media\/3306"}],"wp:attachment":[{"href":"https:\/\/csgo-trade.net\/pt-pt\/wp-json\/wp\/v2\/media?parent=4433"}],"wp:term":[{"taxonomy":"product_brand","embeddable":true,"href":"https:\/\/csgo-trade.net\/pt-pt\/wp-json\/wp\/v2\/product_brand?post=4433"},{"taxonomy":"product_cat","embeddable":true,"href":"https:\/\/csgo-trade.net\/pt-pt\/wp-json\/wp\/v2\/product_cat?post=4433"},{"taxonomy":"product_tag","embeddable":true,"href":"https:\/\/csgo-trade.net\/pt-pt\/wp-json\/wp\/v2\/product_tag?post=4433"}],"curies":[{"name":"wp","href":"https:\/\/api.w.org\/{rel}","templated":true}]}}