{"id":4428,"date":"2022-09-21T13:49:36","date_gmt":"2022-09-21T13:49:36","guid":{"rendered":"https:\/\/skinpoint.r-s.space\/shop\/famas-crypsis\/"},"modified":"2025-08-21T09:09:23","modified_gmt":"2025-08-21T09:09:23","slug":"famas-crypsis","status":"publish","type":"product","link":"https:\/\/csgo-trade.net\/pt-pt\/catalog\/famas-crypsis\/","title":{"rendered":"FAMAS | Crypsis"},"content":{"rendered":"<p>Todo o corpo do rifle \u00e9 adornado com um padr\u00e3o de insetos que imitam galhos e folhas. O esquema de cores do padr\u00e3o usa v\u00e1rios tons de bege, marrom e c\u00e1qui. O design da skin lembra camuflagem.<\/p>\n","protected":false},"excerpt":{"rendered":"<p>Todo o corpo do rifle \u00e9 adornado com um padr\u00e3o de insetos que imitam galhos e folhas. O esquema de cores do padr\u00e3o usa v\u00e1rios tons de bege, marrom e c\u00e1qui. O design da skin lembra camuflagem.<\/p>\n","protected":false},"featured_media":3315,"comment_status":"open","ping_status":"closed","template":"","meta":[],"product_brand":[],"product_cat":[192,249],"product_tag":[194],"class_list":{"0":"post-4428","1":"product","2":"type-product","3":"status-publish","4":"has-post-thumbnail","6":"product_cat-espingarda","7":"product_cat-famas-pt-pt","8":"product_tag-padrao-militar","9":"pa_all-products-skins","11":"first","12":"instock","13":"shipping-taxable","14":"purchasable","15":"product-type-simple"},"_links":{"self":[{"href":"https:\/\/csgo-trade.net\/pt-pt\/wp-json\/wp\/v2\/product\/4428","targetHints":{"allow":["GET"]}}],"collection":[{"href":"https:\/\/csgo-trade.net\/pt-pt\/wp-json\/wp\/v2\/product"}],"about":[{"href":"https:\/\/csgo-trade.net\/pt-pt\/wp-json\/wp\/v2\/types\/product"}],"replies":[{"embeddable":true,"href":"https:\/\/csgo-trade.net\/pt-pt\/wp-json\/wp\/v2\/comments?post=4428"}],"wp:featuredmedia":[{"embeddable":true,"href":"https:\/\/csgo-trade.net\/pt-pt\/wp-json\/wp\/v2\/media\/3315"}],"wp:attachment":[{"href":"https:\/\/csgo-trade.net\/pt-pt\/wp-json\/wp\/v2\/media?parent=4428"}],"wp:term":[{"taxonomy":"product_brand","embeddable":true,"href":"https:\/\/csgo-trade.net\/pt-pt\/wp-json\/wp\/v2\/product_brand?post=4428"},{"taxonomy":"product_cat","embeddable":true,"href":"https:\/\/csgo-trade.net\/pt-pt\/wp-json\/wp\/v2\/product_cat?post=4428"},{"taxonomy":"product_tag","embeddable":true,"href":"https:\/\/csgo-trade.net\/pt-pt\/wp-json\/wp\/v2\/product_tag?post=4428"}],"curies":[{"name":"wp","href":"https:\/\/api.w.org\/{rel}","templated":true}]}}