{"id":4423,"date":"2022-09-26T13:47:10","date_gmt":"2022-09-26T13:47:10","guid":{"rendered":"https:\/\/skinpoint.r-s.space\/shop\/awp-electric-hive\/"},"modified":"2025-08-21T09:09:20","modified_gmt":"2025-08-21T09:09:20","slug":"awp-electric-hive","status":"publish","type":"product","link":"https:\/\/csgo-trade.net\/pt-pt\/catalog\/awp-electric-hive\/","title":{"rendered":"AWP | Electric Hive"},"content":{"rendered":"<p>O corpo do rifle \u00e9 pintado de forma desigual em preto e roxo e adornado com um padr\u00e3o feito na forma de uma grade hexagonal semelhante a favos de mel. A grade \u00e9 pintada com um gradiente incluindo laranja, azul e roxo. Pequenas partes individuais do rifle s\u00e3o pintadas de roxo s\u00f3lido.<\/p>\n","protected":false},"excerpt":{"rendered":"<p>O corpo do rifle \u00e9 pintado de forma desigual em preto e roxo e adornado com um padr\u00e3o feito na forma de uma grade hexagonal semelhante a favos de mel. A grade \u00e9 pintada com um gradiente incluindo laranja, azul e roxo. Pequenas partes individuais do rifle s\u00e3o pintadas de roxo s\u00f3lido.<\/p>\n","protected":false},"featured_media":3340,"comment_status":"open","ping_status":"closed","template":"","meta":[],"product_brand":[],"product_cat":[248,192],"product_tag":[265],"class_list":{"0":"post-4423","1":"product","2":"type-product","3":"status-publish","4":"has-post-thumbnail","6":"product_cat-awp-pt-pt","7":"product_cat-espingarda","8":"product_tag-confidencial","9":"pa_all-products-skins","11":"first","12":"instock","13":"shipping-taxable","14":"purchasable","15":"product-type-simple"},"_links":{"self":[{"href":"https:\/\/csgo-trade.net\/pt-pt\/wp-json\/wp\/v2\/product\/4423","targetHints":{"allow":["GET"]}}],"collection":[{"href":"https:\/\/csgo-trade.net\/pt-pt\/wp-json\/wp\/v2\/product"}],"about":[{"href":"https:\/\/csgo-trade.net\/pt-pt\/wp-json\/wp\/v2\/types\/product"}],"replies":[{"embeddable":true,"href":"https:\/\/csgo-trade.net\/pt-pt\/wp-json\/wp\/v2\/comments?post=4423"}],"wp:featuredmedia":[{"embeddable":true,"href":"https:\/\/csgo-trade.net\/pt-pt\/wp-json\/wp\/v2\/media\/3340"}],"wp:attachment":[{"href":"https:\/\/csgo-trade.net\/pt-pt\/wp-json\/wp\/v2\/media?parent=4423"}],"wp:term":[{"taxonomy":"product_brand","embeddable":true,"href":"https:\/\/csgo-trade.net\/pt-pt\/wp-json\/wp\/v2\/product_brand?post=4423"},{"taxonomy":"product_cat","embeddable":true,"href":"https:\/\/csgo-trade.net\/pt-pt\/wp-json\/wp\/v2\/product_cat?post=4423"},{"taxonomy":"product_tag","embeddable":true,"href":"https:\/\/csgo-trade.net\/pt-pt\/wp-json\/wp\/v2\/product_tag?post=4423"}],"curies":[{"name":"wp","href":"https:\/\/api.w.org\/{rel}","templated":true}]}}