{"id":4422,"date":"2022-09-26T13:24:27","date_gmt":"2022-09-26T13:24:27","guid":{"rendered":"https:\/\/skinpoint.r-s.space\/shop\/desert-eagle-cobalt-disruption\/"},"modified":"2025-08-21T09:09:15","modified_gmt":"2025-08-21T09:09:15","slug":"desert-eagle-cobalt-disruption","status":"publish","type":"product","link":"https:\/\/csgo-trade.net\/pt-pt\/catalog\/desert-eagle-cobalt-disruption\/","title":{"rendered":"Desert Eagle | Cobalt Disruption"},"content":{"rendered":"<p>Todo o corpo da pistola \u00e9 revestido com tinta met\u00e1lica e adornado com um padr\u00e3o de camuflagem de pixel em v\u00e1rios tons de azul.<\/p>\n","protected":false},"excerpt":{"rendered":"<p>Todo o corpo da pistola \u00e9 revestido com tinta met\u00e1lica e adornado com um padr\u00e3o de camuflagem de pixel em v\u00e1rios tons de azul.<\/p>\n","protected":false},"featured_media":3337,"comment_status":"open","ping_status":"closed","template":"","meta":[],"product_brand":[],"product_cat":[238,236],"product_tag":[265],"class_list":{"0":"post-4422","1":"product","2":"type-product","3":"status-publish","4":"has-post-thumbnail","6":"product_cat-desert-eagle-pt-pt","7":"product_cat-pistolas","8":"product_tag-confidencial","9":"pa_all-products-skins","11":"first","12":"instock","13":"shipping-taxable","14":"purchasable","15":"product-type-simple"},"_links":{"self":[{"href":"https:\/\/csgo-trade.net\/pt-pt\/wp-json\/wp\/v2\/product\/4422","targetHints":{"allow":["GET"]}}],"collection":[{"href":"https:\/\/csgo-trade.net\/pt-pt\/wp-json\/wp\/v2\/product"}],"about":[{"href":"https:\/\/csgo-trade.net\/pt-pt\/wp-json\/wp\/v2\/types\/product"}],"replies":[{"embeddable":true,"href":"https:\/\/csgo-trade.net\/pt-pt\/wp-json\/wp\/v2\/comments?post=4422"}],"wp:featuredmedia":[{"embeddable":true,"href":"https:\/\/csgo-trade.net\/pt-pt\/wp-json\/wp\/v2\/media\/3337"}],"wp:attachment":[{"href":"https:\/\/csgo-trade.net\/pt-pt\/wp-json\/wp\/v2\/media?parent=4422"}],"wp:term":[{"taxonomy":"product_brand","embeddable":true,"href":"https:\/\/csgo-trade.net\/pt-pt\/wp-json\/wp\/v2\/product_brand?post=4422"},{"taxonomy":"product_cat","embeddable":true,"href":"https:\/\/csgo-trade.net\/pt-pt\/wp-json\/wp\/v2\/product_cat?post=4422"},{"taxonomy":"product_tag","embeddable":true,"href":"https:\/\/csgo-trade.net\/pt-pt\/wp-json\/wp\/v2\/product_tag?post=4422"}],"curies":[{"name":"wp","href":"https:\/\/api.w.org\/{rel}","templated":true}]}}