{"id":4419,"date":"2022-09-26T13:53:24","date_gmt":"2022-09-26T13:53:24","guid":{"rendered":"https:\/\/skinpoint.r-s.space\/shop\/famas-afterimage\/"},"modified":"2025-08-21T09:09:16","modified_gmt":"2025-08-21T09:09:16","slug":"famas-afterimage","status":"publish","type":"product","link":"https:\/\/csgo-trade.net\/pt-pt\/catalog\/famas-afterimage\/","title":{"rendered":"FAMAS | Afterimage"},"content":{"rendered":"<p>O corpo do rifle \u00e9 pintado de forma desigual em azul e cinza e complementado por um padr\u00e3o transl\u00facido na forma de uma grade hexagonal. O fundo \u00e9 adornado com um padr\u00e3o abstrato de linhas curvas entrela\u00e7adas que lembram tra\u00e7os de luz. O esquema de cores do padr\u00e3o usa v\u00e1rios tons de azul e vermelho.<\/p>\n","protected":false},"excerpt":{"rendered":"<p>O corpo do rifle \u00e9 pintado de forma desigual em azul e cinza e complementado por um padr\u00e3o transl\u00facido na forma de uma grade hexagonal. O fundo \u00e9 adornado com um padr\u00e3o abstrato de linhas curvas entrela\u00e7adas que lembram tra\u00e7os de luz. O esquema de cores do padr\u00e3o usa v\u00e1rios tons de azul e vermelho.<\/p>\n","protected":false},"featured_media":3343,"comment_status":"open","ping_status":"closed","template":"","meta":[],"product_brand":[],"product_cat":[192,249],"product_tag":[265],"class_list":{"0":"post-4419","1":"product","2":"type-product","3":"status-publish","4":"has-post-thumbnail","6":"product_cat-espingarda","7":"product_cat-famas-pt-pt","8":"product_tag-confidencial","9":"pa_all-products-skins","11":"first","12":"instock","13":"shipping-taxable","14":"purchasable","15":"product-type-simple"},"_links":{"self":[{"href":"https:\/\/csgo-trade.net\/pt-pt\/wp-json\/wp\/v2\/product\/4419","targetHints":{"allow":["GET"]}}],"collection":[{"href":"https:\/\/csgo-trade.net\/pt-pt\/wp-json\/wp\/v2\/product"}],"about":[{"href":"https:\/\/csgo-trade.net\/pt-pt\/wp-json\/wp\/v2\/types\/product"}],"replies":[{"embeddable":true,"href":"https:\/\/csgo-trade.net\/pt-pt\/wp-json\/wp\/v2\/comments?post=4419"}],"wp:featuredmedia":[{"embeddable":true,"href":"https:\/\/csgo-trade.net\/pt-pt\/wp-json\/wp\/v2\/media\/3343"}],"wp:attachment":[{"href":"https:\/\/csgo-trade.net\/pt-pt\/wp-json\/wp\/v2\/media?parent=4419"}],"wp:term":[{"taxonomy":"product_brand","embeddable":true,"href":"https:\/\/csgo-trade.net\/pt-pt\/wp-json\/wp\/v2\/product_brand?post=4419"},{"taxonomy":"product_cat","embeddable":true,"href":"https:\/\/csgo-trade.net\/pt-pt\/wp-json\/wp\/v2\/product_cat?post=4419"},{"taxonomy":"product_tag","embeddable":true,"href":"https:\/\/csgo-trade.net\/pt-pt\/wp-json\/wp\/v2\/product_tag?post=4419"}],"curies":[{"name":"wp","href":"https:\/\/api.w.org\/{rel}","templated":true}]}}