{"id":4418,"date":"2022-09-26T14:02:02","date_gmt":"2022-09-26T14:02:02","guid":{"rendered":"https:\/\/skinpoint.r-s.space\/shop\/m4a4-x-ray\/"},"modified":"2025-08-21T09:09:14","modified_gmt":"2025-08-21T09:09:14","slug":"m4a4-x-ray","status":"publish","type":"product","link":"https:\/\/csgo-trade.net\/pt-pt\/catalog\/m4a4-x-ray\/","title":{"rendered":"M4A4 | X-Ray"},"content":{"rendered":"<p>O design da pele imita uma imagem de X-Ray do rifle mostrando sua constru\u00e7\u00e3o interna. O design \u00e9 feito em um esquema de cores que inclui preto e v\u00e1rios tons de azul e cinza.<\/p>\n","protected":false},"excerpt":{"rendered":"<p>O design da pele imita uma imagem de X-Ray do rifle mostrando sua constru\u00e7\u00e3o interna. O design \u00e9 feito em um esquema de cores que inclui preto e v\u00e1rios tons de azul e cinza.<\/p>\n","protected":false},"featured_media":3346,"comment_status":"open","ping_status":"closed","template":"","meta":[],"product_brand":[],"product_cat":[192,253],"product_tag":[267],"class_list":{"0":"post-4418","1":"product","2":"type-product","3":"status-publish","4":"has-post-thumbnail","6":"product_cat-espingarda","7":"product_cat-m4a4-pt-pt","8":"product_tag-secreto","9":"pa_all-products-skins","11":"first","12":"instock","13":"shipping-taxable","14":"purchasable","15":"product-type-simple"},"_links":{"self":[{"href":"https:\/\/csgo-trade.net\/pt-pt\/wp-json\/wp\/v2\/product\/4418","targetHints":{"allow":["GET"]}}],"collection":[{"href":"https:\/\/csgo-trade.net\/pt-pt\/wp-json\/wp\/v2\/product"}],"about":[{"href":"https:\/\/csgo-trade.net\/pt-pt\/wp-json\/wp\/v2\/types\/product"}],"replies":[{"embeddable":true,"href":"https:\/\/csgo-trade.net\/pt-pt\/wp-json\/wp\/v2\/comments?post=4418"}],"wp:featuredmedia":[{"embeddable":true,"href":"https:\/\/csgo-trade.net\/pt-pt\/wp-json\/wp\/v2\/media\/3346"}],"wp:attachment":[{"href":"https:\/\/csgo-trade.net\/pt-pt\/wp-json\/wp\/v2\/media?parent=4418"}],"wp:term":[{"taxonomy":"product_brand","embeddable":true,"href":"https:\/\/csgo-trade.net\/pt-pt\/wp-json\/wp\/v2\/product_brand?post=4418"},{"taxonomy":"product_cat","embeddable":true,"href":"https:\/\/csgo-trade.net\/pt-pt\/wp-json\/wp\/v2\/product_cat?post=4418"},{"taxonomy":"product_tag","embeddable":true,"href":"https:\/\/csgo-trade.net\/pt-pt\/wp-json\/wp\/v2\/product_tag?post=4418"}],"curies":[{"name":"wp","href":"https:\/\/api.w.org\/{rel}","templated":true}]}}