{"id":4417,"date":"2022-09-26T14:04:44","date_gmt":"2022-09-26T14:04:44","guid":{"rendered":"https:\/\/skinpoint.r-s.space\/shop\/ak-47-blue-laminate\/"},"modified":"2025-08-21T09:08:46","modified_gmt":"2025-08-21T09:08:46","slug":"ak-47-blue-laminate","status":"publish","type":"product","link":"https:\/\/csgo-trade.net\/pt-pt\/catalog\/ak-47-blue-laminate\/","title":{"rendered":"AK-47 | Blue Laminate"},"content":{"rendered":"<p>As partes met\u00e1licas do rifle n\u00e3o s\u00e3o pintadas. A coronha, o protetor de m\u00e3o e o cabo s\u00e3o feitos de diferentes tipos de madeira e parcialmente pintados de azul<\/p>\n","protected":false},"excerpt":{"rendered":"<p>As partes met\u00e1licas do rifle n\u00e3o s\u00e3o pintadas. A coronha, o protetor de m\u00e3o e o cabo s\u00e3o feitos de diferentes tipos de madeira e parcialmente pintados de azul<\/p>\n","protected":false},"featured_media":3349,"comment_status":"open","ping_status":"closed","template":"","meta":[],"product_brand":[],"product_cat":[247,192],"product_tag":[270],"class_list":{"0":"post-4417","1":"product","2":"type-product","3":"status-publish","4":"has-post-thumbnail","6":"product_cat-ak-47-pt-pt","7":"product_cat-espingarda","8":"product_tag-restrito","9":"pa_all-products-skins","11":"first","12":"instock","13":"shipping-taxable","14":"purchasable","15":"product-type-simple"},"_links":{"self":[{"href":"https:\/\/csgo-trade.net\/pt-pt\/wp-json\/wp\/v2\/product\/4417","targetHints":{"allow":["GET"]}}],"collection":[{"href":"https:\/\/csgo-trade.net\/pt-pt\/wp-json\/wp\/v2\/product"}],"about":[{"href":"https:\/\/csgo-trade.net\/pt-pt\/wp-json\/wp\/v2\/types\/product"}],"replies":[{"embeddable":true,"href":"https:\/\/csgo-trade.net\/pt-pt\/wp-json\/wp\/v2\/comments?post=4417"}],"wp:featuredmedia":[{"embeddable":true,"href":"https:\/\/csgo-trade.net\/pt-pt\/wp-json\/wp\/v2\/media\/3349"}],"wp:attachment":[{"href":"https:\/\/csgo-trade.net\/pt-pt\/wp-json\/wp\/v2\/media?parent=4417"}],"wp:term":[{"taxonomy":"product_brand","embeddable":true,"href":"https:\/\/csgo-trade.net\/pt-pt\/wp-json\/wp\/v2\/product_brand?post=4417"},{"taxonomy":"product_cat","embeddable":true,"href":"https:\/\/csgo-trade.net\/pt-pt\/wp-json\/wp\/v2\/product_cat?post=4417"},{"taxonomy":"product_tag","embeddable":true,"href":"https:\/\/csgo-trade.net\/pt-pt\/wp-json\/wp\/v2\/product_tag?post=4417"}],"curies":[{"name":"wp","href":"https:\/\/api.w.org\/{rel}","templated":true}]}}