{"id":4415,"date":"2022-09-26T14:10:23","date_gmt":"2022-09-26T14:10:23","guid":{"rendered":"https:\/\/skinpoint.r-s.space\/shop\/p250-steel-disruption\/"},"modified":"2025-08-21T09:08:47","modified_gmt":"2025-08-21T09:08:47","slug":"p250-steel-disruption","status":"publish","type":"product","link":"https:\/\/csgo-trade.net\/pt-pt\/catalog\/p250-steel-disruption\/","title":{"rendered":"P250 | Steel Disruption"},"content":{"rendered":"<p>Todo o corpo da pistola \u00e9 revestido com tinta met\u00e1lica e adornado com camuflagem de pixels em v\u00e1rios tons de cinza. Pequenas partes individuais da arma n\u00e3o s\u00e3o pintadas.<\/p>\n","protected":false},"excerpt":{"rendered":"<p>Todo o corpo da pistola \u00e9 revestido com tinta met\u00e1lica e adornado com camuflagem de pixels em v\u00e1rios tons de cinza. Pequenas partes individuais da arma n\u00e3o s\u00e3o pintadas.<\/p>\n","protected":false},"featured_media":3355,"comment_status":"open","ping_status":"closed","template":"","meta":[],"product_brand":[],"product_cat":[243,236],"product_tag":[194],"class_list":{"0":"post-4415","1":"product","2":"type-product","3":"status-publish","4":"has-post-thumbnail","6":"product_cat-p250-pt-pt","7":"product_cat-pistolas","8":"product_tag-padrao-militar","9":"pa_all-products-skins","11":"first","12":"instock","13":"shipping-taxable","14":"purchasable","15":"product-type-simple"},"_links":{"self":[{"href":"https:\/\/csgo-trade.net\/pt-pt\/wp-json\/wp\/v2\/product\/4415","targetHints":{"allow":["GET"]}}],"collection":[{"href":"https:\/\/csgo-trade.net\/pt-pt\/wp-json\/wp\/v2\/product"}],"about":[{"href":"https:\/\/csgo-trade.net\/pt-pt\/wp-json\/wp\/v2\/types\/product"}],"replies":[{"embeddable":true,"href":"https:\/\/csgo-trade.net\/pt-pt\/wp-json\/wp\/v2\/comments?post=4415"}],"wp:featuredmedia":[{"embeddable":true,"href":"https:\/\/csgo-trade.net\/pt-pt\/wp-json\/wp\/v2\/media\/3355"}],"wp:attachment":[{"href":"https:\/\/csgo-trade.net\/pt-pt\/wp-json\/wp\/v2\/media?parent=4415"}],"wp:term":[{"taxonomy":"product_brand","embeddable":true,"href":"https:\/\/csgo-trade.net\/pt-pt\/wp-json\/wp\/v2\/product_brand?post=4415"},{"taxonomy":"product_cat","embeddable":true,"href":"https:\/\/csgo-trade.net\/pt-pt\/wp-json\/wp\/v2\/product_cat?post=4415"},{"taxonomy":"product_tag","embeddable":true,"href":"https:\/\/csgo-trade.net\/pt-pt\/wp-json\/wp\/v2\/product_tag?post=4415"}],"curies":[{"name":"wp","href":"https:\/\/api.w.org\/{rel}","templated":true}]}}