{"id":4408,"date":"2022-09-26T14:27:40","date_gmt":"2022-09-26T14:27:40","guid":{"rendered":"https:\/\/skinpoint.r-s.space\/shop\/pp-bizon-water-sigil\/"},"modified":"2025-08-21T09:08:50","modified_gmt":"2025-08-21T09:08:50","slug":"pp-bizon-water-sigil","status":"publish","type":"product","link":"https:\/\/csgo-trade.net\/pt-pt\/catalog\/pp-bizon-water-sigil\/","title":{"rendered":"PP-Bizon | Water Sigil"},"content":{"rendered":"<p>O receptor e a revista s\u00e3o pintados de cinza escuro e complementados por um padr\u00e3o de linhas onduladas azuis. O fundo \u00e9 adornado com imagens em c\u00edrculos cinza de ondas crescentes. A coronha e as partes individuais da arma s\u00e3o pretas s\u00f3lidas. A al\u00e7a \u00e9 pintada de azul escuro.<\/p>\n","protected":false},"excerpt":{"rendered":"<p>O receptor e a revista s\u00e3o pintados de cinza escuro e complementados por um padr\u00e3o de linhas onduladas azuis. O fundo \u00e9 adornado com imagens em c\u00edrculos cinza de ondas crescentes. A coronha e as partes individuais da arma s\u00e3o pretas s\u00f3lidas. A al\u00e7a \u00e9 pintada de azul escuro.<\/p>\n","protected":false},"featured_media":3370,"comment_status":"open","ping_status":"closed","template":"","meta":[],"product_brand":[],"product_cat":[263,257],"product_tag":[194],"class_list":{"0":"post-4408","1":"product","2":"type-product","3":"status-publish","4":"has-post-thumbnail","6":"product_cat-pp-bizon-pt-pt","7":"product_cat-submetralhadoras","8":"product_tag-padrao-militar","9":"pa_all-products-skins","11":"first","12":"instock","13":"shipping-taxable","14":"purchasable","15":"product-type-simple"},"_links":{"self":[{"href":"https:\/\/csgo-trade.net\/pt-pt\/wp-json\/wp\/v2\/product\/4408","targetHints":{"allow":["GET"]}}],"collection":[{"href":"https:\/\/csgo-trade.net\/pt-pt\/wp-json\/wp\/v2\/product"}],"about":[{"href":"https:\/\/csgo-trade.net\/pt-pt\/wp-json\/wp\/v2\/types\/product"}],"replies":[{"embeddable":true,"href":"https:\/\/csgo-trade.net\/pt-pt\/wp-json\/wp\/v2\/comments?post=4408"}],"wp:featuredmedia":[{"embeddable":true,"href":"https:\/\/csgo-trade.net\/pt-pt\/wp-json\/wp\/v2\/media\/3370"}],"wp:attachment":[{"href":"https:\/\/csgo-trade.net\/pt-pt\/wp-json\/wp\/v2\/media?parent=4408"}],"wp:term":[{"taxonomy":"product_brand","embeddable":true,"href":"https:\/\/csgo-trade.net\/pt-pt\/wp-json\/wp\/v2\/product_brand?post=4408"},{"taxonomy":"product_cat","embeddable":true,"href":"https:\/\/csgo-trade.net\/pt-pt\/wp-json\/wp\/v2\/product_cat?post=4408"},{"taxonomy":"product_tag","embeddable":true,"href":"https:\/\/csgo-trade.net\/pt-pt\/wp-json\/wp\/v2\/product_tag?post=4408"}],"curies":[{"name":"wp","href":"https:\/\/api.w.org\/{rel}","templated":true}]}}