{"id":4405,"date":"2022-09-26T16:23:32","date_gmt":"2022-09-26T16:23:32","guid":{"rendered":"https:\/\/skinpoint.r-s.space\/shop\/ak-47-wild-lotus\/"},"modified":"2023-04-25T18:10:02","modified_gmt":"2023-04-25T18:10:02","slug":"ak-47-wild-lotus","status":"publish","type":"product","link":"https:\/\/csgo-trade.net\/pt-pt\/catalog\/ak-47-wild-lotus\/","title":{"rendered":"AK-47 | Wild Lotus"},"content":{"rendered":"<p>Todo o corpo do rifle \u00e9 adornado com um ornamento floral pintado em v\u00e1rios tons de verde e complementado com imagens de flores e folhas de l\u00f3tus. O esquema de cores do padr\u00e3o usa laranja, rosa e v\u00e1rios tons de verde. Partes individuais da arma s\u00e3o adornadas com detalhes na forma de listras bege.<\/p>\n","protected":false},"excerpt":{"rendered":"<p>Todo o corpo do rifle \u00e9 adornado com um ornamento floral pintado em v\u00e1rios tons de verde e complementado com imagens de flores e folhas de l\u00f3tus. O esquema de cores do padr\u00e3o usa laranja, rosa e v\u00e1rios tons de verde. Partes individuais da arma s\u00e3o adornadas com detalhes na forma de listras bege.<\/p>\n","protected":false},"featured_media":3376,"comment_status":"open","ping_status":"closed","template":"","meta":[],"product_brand":[],"product_cat":[247,192],"product_tag":[267],"class_list":{"0":"post-4405","1":"product","2":"type-product","3":"status-publish","4":"has-post-thumbnail","6":"product_cat-ak-47-pt-pt","7":"product_cat-espingarda","8":"product_tag-secreto","9":"pa_all-products-skins","11":"first","12":"instock","13":"shipping-taxable","14":"purchasable","15":"product-type-simple"},"_links":{"self":[{"href":"https:\/\/csgo-trade.net\/pt-pt\/wp-json\/wp\/v2\/product\/4405","targetHints":{"allow":["GET"]}}],"collection":[{"href":"https:\/\/csgo-trade.net\/pt-pt\/wp-json\/wp\/v2\/product"}],"about":[{"href":"https:\/\/csgo-trade.net\/pt-pt\/wp-json\/wp\/v2\/types\/product"}],"replies":[{"embeddable":true,"href":"https:\/\/csgo-trade.net\/pt-pt\/wp-json\/wp\/v2\/comments?post=4405"}],"wp:featuredmedia":[{"embeddable":true,"href":"https:\/\/csgo-trade.net\/pt-pt\/wp-json\/wp\/v2\/media\/3376"}],"wp:attachment":[{"href":"https:\/\/csgo-trade.net\/pt-pt\/wp-json\/wp\/v2\/media?parent=4405"}],"wp:term":[{"taxonomy":"product_brand","embeddable":true,"href":"https:\/\/csgo-trade.net\/pt-pt\/wp-json\/wp\/v2\/product_brand?post=4405"},{"taxonomy":"product_cat","embeddable":true,"href":"https:\/\/csgo-trade.net\/pt-pt\/wp-json\/wp\/v2\/product_cat?post=4405"},{"taxonomy":"product_tag","embeddable":true,"href":"https:\/\/csgo-trade.net\/pt-pt\/wp-json\/wp\/v2\/product_tag?post=4405"}],"curies":[{"name":"wp","href":"https:\/\/api.w.org\/{rel}","templated":true}]}}