{"id":4403,"date":"2022-09-26T16:29:15","date_gmt":"2022-09-26T16:29:15","guid":{"rendered":"https:\/\/skinpoint.r-s.space\/shop\/glock-18-synth-leaf\/"},"modified":"2025-08-21T09:08:41","modified_gmt":"2025-08-21T09:08:41","slug":"glock-18-synth-leaf","status":"publish","type":"product","link":"https:\/\/csgo-trade.net\/pt-pt\/catalog\/glock-18-synth-leaf\/","title":{"rendered":"Glock-18 | Synth Leaf"},"content":{"rendered":"<p>Todo o corpo da pistola \u00e9 adornado com um padr\u00e3o de folhas de bananeira feito em v\u00e1rios tons de azul esverdeado e roxo. Pequenas partes individuais da arma s\u00e3o pintadas de roxo s\u00f3lido.<\/p>\n","protected":false},"excerpt":{"rendered":"<p>Todo o corpo da pistola \u00e9 adornado com um padr\u00e3o de folhas de bananeira feito em v\u00e1rios tons de azul esverdeado e roxo. Pequenas partes individuais da arma s\u00e3o pintadas de roxo s\u00f3lido.<\/p>\n","protected":false},"featured_media":3382,"comment_status":"open","ping_status":"closed","template":"","meta":[],"product_brand":[],"product_cat":[241,236],"product_tag":[270],"class_list":{"0":"post-4403","1":"product","2":"type-product","3":"status-publish","4":"has-post-thumbnail","6":"product_cat-glock-18-pt-pt","7":"product_cat-pistolas","8":"product_tag-restrito","9":"pa_all-products-skins","11":"first","12":"instock","13":"shipping-taxable","14":"purchasable","15":"product-type-simple"},"_links":{"self":[{"href":"https:\/\/csgo-trade.net\/pt-pt\/wp-json\/wp\/v2\/product\/4403","targetHints":{"allow":["GET"]}}],"collection":[{"href":"https:\/\/csgo-trade.net\/pt-pt\/wp-json\/wp\/v2\/product"}],"about":[{"href":"https:\/\/csgo-trade.net\/pt-pt\/wp-json\/wp\/v2\/types\/product"}],"replies":[{"embeddable":true,"href":"https:\/\/csgo-trade.net\/pt-pt\/wp-json\/wp\/v2\/comments?post=4403"}],"wp:featuredmedia":[{"embeddable":true,"href":"https:\/\/csgo-trade.net\/pt-pt\/wp-json\/wp\/v2\/media\/3382"}],"wp:attachment":[{"href":"https:\/\/csgo-trade.net\/pt-pt\/wp-json\/wp\/v2\/media?parent=4403"}],"wp:term":[{"taxonomy":"product_brand","embeddable":true,"href":"https:\/\/csgo-trade.net\/pt-pt\/wp-json\/wp\/v2\/product_brand?post=4403"},{"taxonomy":"product_cat","embeddable":true,"href":"https:\/\/csgo-trade.net\/pt-pt\/wp-json\/wp\/v2\/product_cat?post=4403"},{"taxonomy":"product_tag","embeddable":true,"href":"https:\/\/csgo-trade.net\/pt-pt\/wp-json\/wp\/v2\/product_tag?post=4403"}],"curies":[{"name":"wp","href":"https:\/\/api.w.org\/{rel}","templated":true}]}}