{"id":4402,"date":"2022-09-26T16:32:41","date_gmt":"2022-09-26T16:32:41","guid":{"rendered":"https:\/\/skinpoint.r-s.space\/shop\/aug-midnight-lily\/"},"modified":"2025-08-21T09:08:46","modified_gmt":"2025-08-21T09:08:46","slug":"aug-midnight-lily","status":"publish","type":"product","link":"https:\/\/csgo-trade.net\/pt-pt\/catalog\/aug-midnight-lily\/","title":{"rendered":"AUG | Midnight Lily"},"content":{"rendered":"<p>O corpo cinza do rifle \u00e9 adornado com um padr\u00e3o de l\u00edrios floridos feitos com tinta hologr\u00e1fica que muda de cor. A revista \u00e9 pintada de cinza s\u00f3lido, partes individuais da arma permanecem sem pintura.<\/p>\n","protected":false},"excerpt":{"rendered":"<p>O corpo cinza do rifle \u00e9 adornado com um padr\u00e3o de l\u00edrios floridos feitos com tinta hologr\u00e1fica que muda de cor. A revista \u00e9 pintada de cinza s\u00f3lido, partes individuais da arma permanecem sem pintura.<\/p>\n","protected":false},"featured_media":3385,"comment_status":"open","ping_status":"closed","template":"","meta":[],"product_brand":[],"product_cat":[193,192],"product_tag":[270],"class_list":{"0":"post-4402","1":"product","2":"type-product","3":"status-publish","4":"has-post-thumbnail","6":"product_cat-aug-pt-pt","7":"product_cat-espingarda","8":"product_tag-restrito","9":"pa_all-products-skins","11":"first","12":"instock","13":"shipping-taxable","14":"purchasable","15":"product-type-simple"},"_links":{"self":[{"href":"https:\/\/csgo-trade.net\/pt-pt\/wp-json\/wp\/v2\/product\/4402","targetHints":{"allow":["GET"]}}],"collection":[{"href":"https:\/\/csgo-trade.net\/pt-pt\/wp-json\/wp\/v2\/product"}],"about":[{"href":"https:\/\/csgo-trade.net\/pt-pt\/wp-json\/wp\/v2\/types\/product"}],"replies":[{"embeddable":true,"href":"https:\/\/csgo-trade.net\/pt-pt\/wp-json\/wp\/v2\/comments?post=4402"}],"wp:featuredmedia":[{"embeddable":true,"href":"https:\/\/csgo-trade.net\/pt-pt\/wp-json\/wp\/v2\/media\/3385"}],"wp:attachment":[{"href":"https:\/\/csgo-trade.net\/pt-pt\/wp-json\/wp\/v2\/media?parent=4402"}],"wp:term":[{"taxonomy":"product_brand","embeddable":true,"href":"https:\/\/csgo-trade.net\/pt-pt\/wp-json\/wp\/v2\/product_brand?post=4402"},{"taxonomy":"product_cat","embeddable":true,"href":"https:\/\/csgo-trade.net\/pt-pt\/wp-json\/wp\/v2\/product_cat?post=4402"},{"taxonomy":"product_tag","embeddable":true,"href":"https:\/\/csgo-trade.net\/pt-pt\/wp-json\/wp\/v2\/product_tag?post=4402"}],"curies":[{"name":"wp","href":"https:\/\/api.w.org\/{rel}","templated":true}]}}