{"id":4397,"date":"2022-09-26T16:55:11","date_gmt":"2022-09-26T16:55:11","guid":{"rendered":"https:\/\/skinpoint.r-s.space\/shop\/p90-sunset-lily\/"},"modified":"2025-08-21T09:08:13","modified_gmt":"2025-08-21T09:08:13","slug":"p90-sunset-lily","status":"publish","type":"product","link":"https:\/\/csgo-trade.net\/pt-pt\/catalog\/p90-sunset-lily\/","title":{"rendered":"P90 | Sunset Lily"},"content":{"rendered":"<p>O corpo cinza da metralhadora \u00e9 adornado com um padr\u00e3o de l\u00edrios em flor pintados em v\u00e1rios tons de amarelo e marrom. Partes individuais da arma permanecem sem pintura.<\/p>\n","protected":false},"excerpt":{"rendered":"<p>O corpo cinza da metralhadora \u00e9 adornado com um padr\u00e3o de l\u00edrios em flor pintados em v\u00e1rios tons de amarelo e marrom. Partes individuais da arma permanecem sem pintura.<\/p>\n","protected":false},"featured_media":3403,"comment_status":"open","ping_status":"closed","template":"","meta":[],"product_brand":[],"product_cat":[262,257],"product_tag":[269],"class_list":{"0":"post-4397","1":"product","2":"type-product","3":"status-publish","4":"has-post-thumbnail","6":"product_cat-p90-pt-pt","7":"product_cat-submetralhadoras","8":"product_tag-padrao-industrial","9":"pa_all-products-skins","11":"first","12":"instock","13":"shipping-taxable","14":"purchasable","15":"product-type-simple"},"_links":{"self":[{"href":"https:\/\/csgo-trade.net\/pt-pt\/wp-json\/wp\/v2\/product\/4397","targetHints":{"allow":["GET"]}}],"collection":[{"href":"https:\/\/csgo-trade.net\/pt-pt\/wp-json\/wp\/v2\/product"}],"about":[{"href":"https:\/\/csgo-trade.net\/pt-pt\/wp-json\/wp\/v2\/types\/product"}],"replies":[{"embeddable":true,"href":"https:\/\/csgo-trade.net\/pt-pt\/wp-json\/wp\/v2\/comments?post=4397"}],"wp:featuredmedia":[{"embeddable":true,"href":"https:\/\/csgo-trade.net\/pt-pt\/wp-json\/wp\/v2\/media\/3403"}],"wp:attachment":[{"href":"https:\/\/csgo-trade.net\/pt-pt\/wp-json\/wp\/v2\/media?parent=4397"}],"wp:term":[{"taxonomy":"product_brand","embeddable":true,"href":"https:\/\/csgo-trade.net\/pt-pt\/wp-json\/wp\/v2\/product_brand?post=4397"},{"taxonomy":"product_cat","embeddable":true,"href":"https:\/\/csgo-trade.net\/pt-pt\/wp-json\/wp\/v2\/product_cat?post=4397"},{"taxonomy":"product_tag","embeddable":true,"href":"https:\/\/csgo-trade.net\/pt-pt\/wp-json\/wp\/v2\/product_tag?post=4397"}],"curies":[{"name":"wp","href":"https:\/\/api.w.org\/{rel}","templated":true}]}}