{"id":4396,"date":"2022-09-26T16:51:42","date_gmt":"2022-09-26T16:51:42","guid":{"rendered":"https:\/\/skinpoint.r-s.space\/shop\/five-seven-crimson-blossom\/"},"modified":"2025-08-21T09:08:10","modified_gmt":"2025-08-21T09:08:10","slug":"five-seven-crimson-blossom","status":"publish","type":"product","link":"https:\/\/csgo-trade.net\/pt-pt\/catalog\/five-seven-crimson-blossom\/","title":{"rendered":"Five-SeveN | Crimson Blossom"},"content":{"rendered":"<p>Todo o corpo da pistola \u00e9 pintado de bord\u00f4. O slide \u00e9 adornado com um padr\u00e3o floral abstrato, feito em cinza e v\u00e1rios tons de vinho. Pequenas partes individuais da arma s\u00e3o pintadas de cinza claro.<\/p>\n","protected":false},"excerpt":{"rendered":"<p>Todo o corpo da pistola \u00e9 pintado de bord\u00f4. O slide \u00e9 adornado com um padr\u00e3o floral abstrato, feito em cinza e v\u00e1rios tons de vinho. Pequenas partes individuais da arma s\u00e3o pintadas de cinza claro.<\/p>\n","protected":false},"featured_media":3400,"comment_status":"open","ping_status":"closed","template":"","meta":[],"product_brand":[],"product_cat":[240,236],"product_tag":[194],"class_list":{"0":"post-4396","1":"product","2":"type-product","3":"status-publish","4":"has-post-thumbnail","6":"product_cat-five-seven-pt-pt","7":"product_cat-pistolas","8":"product_tag-padrao-militar","9":"pa_all-products-skins","11":"first","12":"instock","13":"shipping-taxable","14":"purchasable","15":"product-type-simple"},"_links":{"self":[{"href":"https:\/\/csgo-trade.net\/pt-pt\/wp-json\/wp\/v2\/product\/4396","targetHints":{"allow":["GET"]}}],"collection":[{"href":"https:\/\/csgo-trade.net\/pt-pt\/wp-json\/wp\/v2\/product"}],"about":[{"href":"https:\/\/csgo-trade.net\/pt-pt\/wp-json\/wp\/v2\/types\/product"}],"replies":[{"embeddable":true,"href":"https:\/\/csgo-trade.net\/pt-pt\/wp-json\/wp\/v2\/comments?post=4396"}],"wp:featuredmedia":[{"embeddable":true,"href":"https:\/\/csgo-trade.net\/pt-pt\/wp-json\/wp\/v2\/media\/3400"}],"wp:attachment":[{"href":"https:\/\/csgo-trade.net\/pt-pt\/wp-json\/wp\/v2\/media?parent=4396"}],"wp:term":[{"taxonomy":"product_brand","embeddable":true,"href":"https:\/\/csgo-trade.net\/pt-pt\/wp-json\/wp\/v2\/product_brand?post=4396"},{"taxonomy":"product_cat","embeddable":true,"href":"https:\/\/csgo-trade.net\/pt-pt\/wp-json\/wp\/v2\/product_cat?post=4396"},{"taxonomy":"product_tag","embeddable":true,"href":"https:\/\/csgo-trade.net\/pt-pt\/wp-json\/wp\/v2\/product_tag?post=4396"}],"curies":[{"name":"wp","href":"https:\/\/api.w.org\/{rel}","templated":true}]}}